{"id":11896,"date":"2019-03-22T15:02:34","date_gmt":"2019-03-22T14:02:34","guid":{"rendered":"https:\/\/join.marketing\/join-voor-bedrijven\/"},"modified":"2019-10-03T10:50:25","modified_gmt":"2019-10-03T08:50:25","slug":"join-per-aziende","status":"publish","type":"page","link":"https:\/\/join.marketing\/it\/join-per-aziende\/","title":{"rendered":"Join per le aziende"},"content":{"rendered":"\n<div class=\"wave-empty\"><\/div><div class=\"content-container wave-empty shape-empty \"><div class=\"container\">\n<h3 class=\"text-4xl mb-8 testimonial-title text-center\">L\u2019influencer marketing \u00e8 facile<\/h3>\n\n\n\n<p class=\"text-center text-2xl py-2 w-3\/4 mx-auto\">La piattaforma di Join rende l&#8217;influencer marketing accessibile a tutti. Con noi potrai trovare gli influencer giusti e avviare una collaborazione in pochi e semplici passi. Scopri qui come funziona.<\/p>\n\n\n\n<p><\/p>\n<\/div><\/div><div class=\"wave-empty\"><\/div>\n\n\n\n<div class=\"wave-1-top \"><\/div><div class=\"content-container wave-1-body shape-empty \"><div class=\"container\">\n<div class=\"wp-block-columns has-2-columns\">\n<div class=\"wp-block-column\">\n<h3 class=\"text-2xl text-left mb-4\">Trova influencer rilevanti<\/h3>\n              <p class=\"text-basis mb-12\">Il motore di ricerca di join, estremamente facile da usare, ti aiuter\u00e0 a trovare gli influencer pi\u00f9 adatti a te. Rendi la tua ricerca quanto pi\u00f9 specifica possibile. Filtra per nome, tema, localit\u00e0 o parola chiave. Con la nostra tecnologia avrai la sicurezza di trovare il giusto match!<\/p>\n              <h3 class=\"text-2xl text-left mb-4\">Scegli il tuo contenuto<\/h3>\n              <p class=\"text-basis\">Una volta trovato l&#8217;influencer adatto al caso tuo, potrai selezionare i contenuti in tutta facilit\u00e0. Inizia a collaborare con i tuoi influencer in modo rapido ed efficiente!<\/p>\n<\/div>\n\n\n\n<div class=\"wp-block-column\">\n<figure class=\"wp-block-image\"><img src=\"https:\/\/s3.eu-central-1.amazonaws.com\/join.marketing\/uploads\/2019\/03\/filter-influencers-1.png\" alt=\"\" class=\"wp-image-2350\"\/><\/figure>\n<\/div>\n<\/div>\n<\/div><\/div><div class=\"wave-1-bottom \"><\/div>\n\n\n\n<section id=\"campaign-management\">\n\n\n\n<div class=\"wave-empty mb-32\"><\/div><div class=\"content-container wave-empty shape-empty mb-32\"><div class=\"container\">\n<div class=\"wp-block-columns has-2-columns\">\n<div class=\"wp-block-column\">\n<figure class=\"wp-block-image\"><img src=\"https:\/\/s3.eu-central-1.amazonaws.com\/join.marketing\/uploads\/2019\/03\/deliverables-check-1.png\" alt=\"\" class=\"wp-image-2356 block -ml-8\"\/><\/figure>\n<\/div>\n\n\n\n<div class=\"wp-block-column\">\n<h3 class=\"text-2xl text-left mb-4\">Invita gli influencer<\/h3>\n              <p class=\"text-basis mb-12\">Invita gli influencer e informarli sui tuoi obiettivi. Approva il contenuto prima che venga pubblicato. Fornisci ai tuoi influencer informazioni rilevanti per la campagna e assicurati che tutto vada per il meglio.<\/p>\n              <h3 class=\"text-2xl text-left mb-4\">Rimani aggiornato!<\/h3>\n              <p class=\"text-basis\">Monitora la tua campagna in ogni momento. Ricevi le notifiche in modo diretto, dialoga con gli influencer e tieni traccia dei contenuti pubblicati. Sta andando tutto bene? Invita altri influencer alla tua campagna!<\/p>\n<\/div>\n<\/div>\n\n\n\n<p><\/p>\n<\/div><\/div><div class=\"wave-empty mb-32\"><\/div>\n\n\n\n<\/section>\n<section id=\"report\">\n\n\n\n<div class=\"wave-empty mb-16\"><\/div><div class=\"content-container wave-empty shape-empty mb-16\"><div class=\"container\">\n<p><\/p>\n\n\n\n<h3 class=\"text-2xl text-left mb-4 text-center\">Valuta le tue campagne con le statistiche in tempo reale<\/h3>\n\n\n\n<figure class=\"wp-block-image\"><img src=\"https:\/\/s3.eu-central-1.amazonaws.com\/join.marketing\/uploads\/2019\/03\/statistics-1.png\" alt=\"\"\/><\/figure>\n<\/div><\/div><div class=\"wave-empty mb-16\"><\/div>\n\n\n\n<\/section>\n\n\n\n<div class=\"wave-empty\"><\/div><div class=\"content-container wave-empty shape-empty \"><div class=\"container\">\n<div class=\"wp-block-cgb-block-join-slider-container swiper-container\"><div class=\"swiper-wrapper\">\n<div class=\"wp-block-cgb-block-join-slider-slide swiper-slide\"><div class=\"slide-wrapper\">\n<figure class=\"wp-block-image opacity-75\"><img src=\"https:\/\/s3.eu-central-1.amazonaws.com\/join.marketing\/uploads\/2019\/03\/takeaway.png\" alt=\"\" class=\"wp-image-2965\"\/><\/figure>\n<\/div><\/div>\n\n\n\n<div class=\"wp-block-cgb-block-join-slider-slide swiper-slide\"><div class=\"slide-wrapper\">\n<figure class=\"wp-block-image opacity-75\"><img loading=\"lazy\" width=\"484\" height=\"100\" src=\"https:\/\/s3.eu-central-1.amazonaws.com\/join.marketing\/uploads\/2019\/10\/miinto-logo.png\" alt=\"\" class=\"wp-image-15515\" srcset=\"https:\/\/s3.eu-central-1.amazonaws.com\/join.marketing\/uploads\/2019\/10\/miinto-logo.png 484w, https:\/\/s3.eu-central-1.amazonaws.com\/join.marketing\/uploads\/2019\/10\/miinto-logo-300x62.png 300w\" sizes=\"(max-width: 484px) 100vw, 484px\" \/><\/figure>\n<\/div><\/div>\n\n\n\n<div class=\"wp-block-cgb-block-join-slider-slide swiper-slide\"><div class=\"slide-wrapper\">\n<figure class=\"wp-block-image opacity-75\"><img loading=\"lazy\" width=\"484\" height=\"100\" src=\"https:\/\/s3.eu-central-1.amazonaws.com\/join.marketing\/uploads\/2019\/10\/ultimate-ears-logo-1.png\" alt=\"\" class=\"wp-image-15526\" srcset=\"https:\/\/s3.eu-central-1.amazonaws.com\/join.marketing\/uploads\/2019\/10\/ultimate-ears-logo-1.png 484w, https:\/\/s3.eu-central-1.amazonaws.com\/join.marketing\/uploads\/2019\/10\/ultimate-ears-logo-1-300x62.png 300w\" sizes=\"(max-width: 484px) 100vw, 484px\" \/><\/figure>\n<\/div><\/div>\n\n\n\n<div class=\"wp-block-cgb-block-join-slider-slide swiper-slide\"><div class=\"slide-wrapper\">\n<figure class=\"wp-block-image opacity-75\"><img loading=\"lazy\" width=\"484\" height=\"100\" src=\"https:\/\/s3.eu-central-1.amazonaws.com\/join.marketing\/uploads\/2019\/10\/silkn-logo.png\" alt=\"\" class=\"wp-image-15516\" srcset=\"https:\/\/s3.eu-central-1.amazonaws.com\/join.marketing\/uploads\/2019\/10\/silkn-logo.png 484w, https:\/\/s3.eu-central-1.amazonaws.com\/join.marketing\/uploads\/2019\/10\/silkn-logo-300x62.png 300w\" sizes=\"(max-width: 484px) 100vw, 484px\" \/><\/figure>\n<\/div><\/div>\n\n\n\n<div class=\"wp-block-cgb-block-join-slider-slide swiper-slide\"><div class=\"slide-wrapper\">\n<figure class=\"wp-block-image opacity-75\"><img src=\"https:\/\/s3.eu-central-1.amazonaws.com\/join.marketing\/uploads\/2019\/03\/national-geographic.png\" alt=\"\" class=\"wp-image-2950\"\/><\/figure>\n<\/div><\/div>\n\n\n\n<div class=\"wp-block-cgb-block-join-slider-slide swiper-slide\"><div class=\"slide-wrapper\">\n<figure class=\"wp-block-image opacity-75\"><img loading=\"lazy\" width=\"484\" height=\"100\" src=\"https:\/\/s3.eu-central-1.amazonaws.com\/join.marketing\/uploads\/2019\/10\/herbal-essences-logo.png\" alt=\"\" class=\"wp-image-15523\" srcset=\"https:\/\/s3.eu-central-1.amazonaws.com\/join.marketing\/uploads\/2019\/10\/herbal-essences-logo.png 484w, https:\/\/s3.eu-central-1.amazonaws.com\/join.marketing\/uploads\/2019\/10\/herbal-essences-logo-300x62.png 300w\" sizes=\"(max-width: 484px) 100vw, 484px\" \/><\/figure>\n<\/div><\/div>\n\n\n\n<div class=\"wp-block-cgb-block-join-slider-slide swiper-slide\"><div class=\"slide-wrapper\">\n<figure class=\"wp-block-image opacity-75\"><img src=\"https:\/\/s3.eu-central-1.amazonaws.com\/join.marketing\/uploads\/2019\/03\/decathlon.png\" alt=\"\" class=\"wp-image-2929\"\/><\/figure>\n\n\n\n<p><\/p>\n<\/div><\/div>\n\n\n\n<div class=\"wp-block-cgb-block-join-slider-slide swiper-slide\"><div class=\"slide-wrapper\">\n<figure class=\"wp-block-image opacity-75\"><img src=\"https:\/\/s3.eu-central-1.amazonaws.com\/join.marketing\/uploads\/2019\/04\/logo-on-that-ass-2.png\" alt=\"\"\/><\/figure>\n\n\n\n<p><\/p>\n<\/div><\/div>\n\n\n\n<div class=\"wp-block-cgb-block-join-slider-slide swiper-slide\"><div class=\"slide-wrapper\">\n<figure class=\"wp-block-image opacity-75\"><img loading=\"lazy\" width=\"484\" height=\"100\" src=\"https:\/\/s3.eu-central-1.amazonaws.com\/join.marketing\/uploads\/2019\/10\/xd-design-logo.png\" alt=\"\" class=\"wp-image-15525\" srcset=\"https:\/\/s3.eu-central-1.amazonaws.com\/join.marketing\/uploads\/2019\/10\/xd-design-logo.png 484w, https:\/\/s3.eu-central-1.amazonaws.com\/join.marketing\/uploads\/2019\/10\/xd-design-logo-300x62.png 300w\" sizes=\"(max-width: 484px) 100vw, 484px\" \/><\/figure>\n<\/div><\/div>\n<\/div><\/div>\n<\/div><\/div><div class=\"wave-empty\"><\/div>\n","protected":false},"excerpt":{"rendered":"","protected":false},"author":1,"featured_media":0,"parent":0,"menu_order":0,"comment_status":"closed","ping_status":"closed","template":"views\/template-no-container.blade.php","meta":{"inline_featured_image":false},"yoast_head":"<!-- This site is optimized with the Yoast SEO plugin v19.10 - https:\/\/yoast.com\/wordpress\/plugins\/seo\/ -->\n<title>Join per le aziende - Join<\/title>\n<meta name=\"robots\" content=\"index, follow, max-snippet:-1, max-image-preview:large, max-video-preview:-1\" \/>\n<link rel=\"canonical\" href=\"https:\/\/join.marketing\/it\/join-per-aziende\/\" \/>\n<meta property=\"og:locale\" content=\"it_IT\" \/>\n<meta property=\"og:type\" content=\"article\" \/>\n<meta property=\"og:title\" content=\"Join per le aziende - Join\" \/>\n<meta property=\"og:url\" content=\"https:\/\/join.marketing\/it\/join-per-aziende\/\" \/>\n<meta property=\"og:site_name\" content=\"Join\" \/>\n<meta property=\"article:modified_time\" content=\"2019-10-03T08:50:25+00:00\" \/>\n<meta property=\"og:image\" content=\"https:\/\/s3.eu-central-1.amazonaws.com\/join.marketing\/uploads\/2019\/03\/filter-influencers-1.png\" \/>\n<meta name=\"twitter:card\" content=\"summary_large_image\" \/>\n<meta name=\"twitter:label1\" content=\"Est. reading time\" \/>\n\t<meta name=\"twitter:data1\" content=\"1 minute\" \/>\n<script type=\"application\/ld+json\" class=\"yoast-schema-graph\">{\"@context\":\"https:\/\/schema.org\",\"@graph\":[{\"@type\":\"WebPage\",\"@id\":\"https:\/\/join.marketing\/it\/join-per-aziende\/\",\"url\":\"https:\/\/join.marketing\/it\/join-per-aziende\/\",\"name\":\"Join per le aziende - Join\",\"isPartOf\":{\"@id\":\"https:\/\/join.marketing\/#website\"},\"datePublished\":\"2019-03-22T14:02:34+00:00\",\"dateModified\":\"2019-10-03T08:50:25+00:00\",\"breadcrumb\":{\"@id\":\"https:\/\/join.marketing\/it\/join-per-aziende\/#breadcrumb\"},\"inLanguage\":\"it-IT\",\"potentialAction\":[{\"@type\":\"ReadAction\",\"target\":[\"https:\/\/join.marketing\/it\/join-per-aziende\/\"]}]},{\"@type\":\"BreadcrumbList\",\"@id\":\"https:\/\/join.marketing\/it\/join-per-aziende\/#breadcrumb\",\"itemListElement\":[{\"@type\":\"ListItem\",\"position\":1,\"name\":\"Home\",\"item\":\"https:\/\/join.marketing\/it\/\"},{\"@type\":\"ListItem\",\"position\":2,\"name\":\"Join per le aziende\"}]},{\"@type\":\"WebSite\",\"@id\":\"https:\/\/join.marketing\/#website\",\"url\":\"https:\/\/join.marketing\/\",\"name\":\"Join\",\"description\":\"The marketplace for influencers and advertisers to collaborate.\",\"publisher\":{\"@id\":\"https:\/\/join.marketing\/#organization\"},\"potentialAction\":[{\"@type\":\"SearchAction\",\"target\":{\"@type\":\"EntryPoint\",\"urlTemplate\":\"https:\/\/join.marketing\/search\/{search_term_string}\"},\"query-input\":\"required name=search_term_string\"}],\"inLanguage\":\"it-IT\"},{\"@type\":\"Organization\",\"@id\":\"https:\/\/join.marketing\/#organization\",\"name\":\"Join Marketing\",\"url\":\"https:\/\/join.marketing\/\",\"logo\":{\"@type\":\"ImageObject\",\"inLanguage\":\"it-IT\",\"@id\":\"https:\/\/join.marketing\/#\/schema\/logo\/image\/\",\"url\":\"https:\/\/s3.eu-central-1.amazonaws.com\/join.marketing\/uploads\/2020\/01\/join-logo-150x150-1.png\",\"contentUrl\":\"https:\/\/s3.eu-central-1.amazonaws.com\/join.marketing\/uploads\/2020\/01\/join-logo-150x150-1.png\",\"width\":150,\"height\":150,\"caption\":\"Join Marketing\"},\"image\":{\"@id\":\"https:\/\/join.marketing\/#\/schema\/logo\/image\/\"},\"sameAs\":[\"https:\/\/www.instagram.com\/join_influencers\/\"]}]}<\/script>\n<!-- \/ Yoast SEO plugin. -->","yoast_head_json":{"title":"Join per le aziende - Join","robots":{"index":"index","follow":"follow","max-snippet":"max-snippet:-1","max-image-preview":"max-image-preview:large","max-video-preview":"max-video-preview:-1"},"canonical":"https:\/\/join.marketing\/it\/join-per-aziende\/","og_locale":"it_IT","og_type":"article","og_title":"Join per le aziende - Join","og_url":"https:\/\/join.marketing\/it\/join-per-aziende\/","og_site_name":"Join","article_modified_time":"2019-10-03T08:50:25+00:00","og_image":[{"url":"https:\/\/s3.eu-central-1.amazonaws.com\/join.marketing\/uploads\/2019\/03\/filter-influencers-1.png"}],"twitter_card":"summary_large_image","twitter_misc":{"Est. reading time":"1 minute"},"schema":{"@context":"https:\/\/schema.org","@graph":[{"@type":"WebPage","@id":"https:\/\/join.marketing\/it\/join-per-aziende\/","url":"https:\/\/join.marketing\/it\/join-per-aziende\/","name":"Join per le aziende - Join","isPartOf":{"@id":"https:\/\/join.marketing\/#website"},"datePublished":"2019-03-22T14:02:34+00:00","dateModified":"2019-10-03T08:50:25+00:00","breadcrumb":{"@id":"https:\/\/join.marketing\/it\/join-per-aziende\/#breadcrumb"},"inLanguage":"it-IT","potentialAction":[{"@type":"ReadAction","target":["https:\/\/join.marketing\/it\/join-per-aziende\/"]}]},{"@type":"BreadcrumbList","@id":"https:\/\/join.marketing\/it\/join-per-aziende\/#breadcrumb","itemListElement":[{"@type":"ListItem","position":1,"name":"Home","item":"https:\/\/join.marketing\/it\/"},{"@type":"ListItem","position":2,"name":"Join per le aziende"}]},{"@type":"WebSite","@id":"https:\/\/join.marketing\/#website","url":"https:\/\/join.marketing\/","name":"Join","description":"The marketplace for influencers and advertisers to collaborate.","publisher":{"@id":"https:\/\/join.marketing\/#organization"},"potentialAction":[{"@type":"SearchAction","target":{"@type":"EntryPoint","urlTemplate":"https:\/\/join.marketing\/search\/{search_term_string}"},"query-input":"required name=search_term_string"}],"inLanguage":"it-IT"},{"@type":"Organization","@id":"https:\/\/join.marketing\/#organization","name":"Join Marketing","url":"https:\/\/join.marketing\/","logo":{"@type":"ImageObject","inLanguage":"it-IT","@id":"https:\/\/join.marketing\/#\/schema\/logo\/image\/","url":"https:\/\/s3.eu-central-1.amazonaws.com\/join.marketing\/uploads\/2020\/01\/join-logo-150x150-1.png","contentUrl":"https:\/\/s3.eu-central-1.amazonaws.com\/join.marketing\/uploads\/2020\/01\/join-logo-150x150-1.png","width":150,"height":150,"caption":"Join Marketing"},"image":{"@id":"https:\/\/join.marketing\/#\/schema\/logo\/image\/"},"sameAs":["https:\/\/www.instagram.com\/join_influencers\/"]}]}},"_links":{"self":[{"href":"https:\/\/join.marketing\/it\/wp-json\/wp\/v2\/pages\/11896"}],"collection":[{"href":"https:\/\/join.marketing\/it\/wp-json\/wp\/v2\/pages"}],"about":[{"href":"https:\/\/join.marketing\/it\/wp-json\/wp\/v2\/types\/page"}],"author":[{"embeddable":true,"href":"https:\/\/join.marketing\/it\/wp-json\/wp\/v2\/users\/1"}],"replies":[{"embeddable":true,"href":"https:\/\/join.marketing\/it\/wp-json\/wp\/v2\/comments?post=11896"}],"version-history":[{"count":7,"href":"https:\/\/join.marketing\/it\/wp-json\/wp\/v2\/pages\/11896\/revisions"}],"predecessor-version":[{"id":15496,"href":"https:\/\/join.marketing\/it\/wp-json\/wp\/v2\/pages\/11896\/revisions\/15496"}],"wp:attachment":[{"href":"https:\/\/join.marketing\/it\/wp-json\/wp\/v2\/media?parent=11896"}],"curies":[{"name":"wp","href":"https:\/\/api.w.org\/{rel}","templated":true}]}}