{"id":11980,"date":"2019-06-26T16:59:34","date_gmt":"2019-06-26T14:59:34","guid":{"rendered":"https:\/\/join.marketing\/?page_id=11980"},"modified":"2019-10-03T10:52:02","modified_gmt":"2019-10-03T08:52:02","slug":"join-per-le-agenzie","status":"publish","type":"page","link":"https:\/\/join.marketing\/it\/join-per-le-agenzie\/","title":{"rendered":"Join per le Agenzie"},"content":{"rendered":"\n<div class=\"wave-empty\"><\/div><div class=\"content-container wave-empty shape-empty \"><div class=\"container\">\n<h3 class=\"text-4xl mb-8 testimonial-title text-center\">Campagne di influencer marketing per tutti i tuoi clienti. <\/h3>\n\n\n\n<p class=\"text-center text-2xl py-2 w-3\/4 mx-auto\">Con la piattaforma di Join potrai organizzare le campagne per tutti i tuoi clienti in modo semplice e veloce. Troverai rapidamente gli influencer che pi\u00f9 fanno al caso tuo e potrai avviare una collaborazione in pochi e semplici passi. Guarda come funziona qui.<\/p>\n\n\n\n<p><\/p>\n<\/div><\/div><div class=\"wave-empty\"><\/div>\n\n\n\n<div class=\"wave-empty \"><\/div><div class=\"content-container wave-empty shape-empty \"><div class=\"container\">\n<div class=\"wp-block-columns has-3-columns\">\n<div class=\"wp-block-column\">\n<div class=\"wp-block-cgb-block-join-cta-circle join-cta-circle-wrapper\"><div class=\"join-cta-circle shape-1\">\n<span class=\"text-4xl text-white font-bold text-center\">21K+<\/span>\n<span class=\"font-bold text-white text-lg my-2 text-center\">Influencer con cui collaborare.<\/span><span class=\" text-white text-lg my-2 text-center\">Collabora con pi\u00f9 di 21.000 influencer nano, micro, macro e celebrit\u00e0 provenienti da tutto il mondo.<\/span>\n<\/div><\/div>\n<\/div>\n\n\n\n<div class=\"wp-block-column\">\n<div class=\"wp-block-cgb-block-join-cta-circle join-cta-circle-wrapper\"><div class=\"join-cta-circle shape-1\">\n<span class=\"text-4xl text-white font-bold text-center\">8.8<\/span><span class=\"font-bold text-white text-lg my-2 text-center\">Giudizio dei nostri clienti<\/span><span class=\" text-white text-lg my-2 text-center\">Il punteggio medio che ci hanno assegnato i nostri utenti \u00e8 8,8.\n<br>Ne siamo orgogliosi, ma vogliamo arrivare a un 10.<\/span>\n<\/div><\/div>\n<\/div>\n\n\n\n<div class=\"wp-block-column\">\n<div class=\"wp-block-cgb-block-join-cta-circle join-cta-circle-wrapper\"><div class=\"join-cta-circle shape-1\">\n<span class=\"text-4xl text-white font-bold text-center\">800M+<\/span><span class=\"font-bold text-white text-lg my-2 text-center\">Una vasta gamma di influencer<\/span><span class=\" text-white text-lg my-2 text-center\">Raggiungi un miliardo di persone con gli influencer del nostro database.\nRicerca con AI\n<\/span>\n<\/div><\/div>\n<\/div>\n<\/div>\n\n\n\n<p><\/p>\n<\/div><\/div><div class=\"wave-empty \"><\/div>\n\n\n\n<div class=\"wave-1-top \"><\/div><div class=\"content-container wave-1-body shape-empty \"><div class=\"container\">\n<div class=\"wp-block-columns has-2-columns\">\n<div class=\"wp-block-column\">\n<h3 class=\"text-2xl text-left mb-4 w-1\/2\">Zoek met AI<\/h3>\n              <p class=\"text-basis mb-12\">Il nostro motore di ricerca, di facile utilizzo, ti aiuter\u00e0 a trovare l&#8217;influencer pi\u00f9 adatto a te. \u00c8 possibile effettuare la ricerca per nome, oggetto, luogo e parola chiave. Il nostro AI ti render\u00e0 tutto pi\u00f9 facile!<\/p>\n              <h3 class=\"text-2xl text-left mb-4 w-1\/2\">Scegli il tuo contenuto<\/h3>\n              <p class=\"text-basis\">Una volta trovato il tuo influencer preferito, potrai facilmente selezionare i contenuti. Imposta il tuo budget e dai il via alla tua campagna in tutta comodit\u00e0.<\/p>\n\n\n\n<p><\/p>\n<\/div>\n\n\n\n<div class=\"wp-block-column\">\n<figure class=\"wp-block-image\"><img src=\"https:\/\/s3.eu-central-1.amazonaws.com\/join.marketing\/uploads\/2019\/03\/filter-influencers-nl-2.png\" alt=\"\" class=\"wp-image-2350\"><\/figure>\n<\/div>\n<\/div>\n\n\n\n<p><\/p>\n<\/div><\/div><div class=\"wave-1-bottom \"><\/div>\n\n\n\n<div class=\"wave-empty \"><\/div><div class=\"content-container wave-empty shape-empty \"><div class=\"container\">\n<div class=\"wp-block-columns has-2-columns mb-32\">\n<div class=\"wp-block-column\">\n<figure class=\"wp-block-image\"><img src=\"https:\/\/s3.eu-central-1.amazonaws.com\/join.marketing\/uploads\/2019\/03\/account-manaer.png\" alt=\"\" class=\"wp-image-2356\"\/><\/figure>\n<\/div>\n\n\n\n<div class=\"wp-block-column\">\n<h3 class=\"text-2xl text-left mb-4 w-1\/2\">Gestione dei marchi<\/h3>\n<p class=\"text-basis mb-12\">Lancia una campagna per tutti i tuoi clienti allo stesso tempo. Lavora con diversi account manager in ambienti diversi e tieni aggiornati i tuoi clienti. Gestisci i tuoi utenti dal tuo account personale.<\/p>\n<h3 class=\"text-2xl text-left mb-4 w-1\/2\">Funzioni Pro<\/h3>\n          <p class=\"text-basis\">Accedi alle funzioni dedicate alle agenzie. Trova gli influencer pi\u00f9 adatti a te, mostra i &#8220;matching posts&#8221; e approva il branded content. Scarica i tuoi risultati e mostrali ai tuoi clienti.<\/p>\n<\/div>\n<\/div>\n<\/div><\/div><div class=\"wave-empty \"><\/div>\n\n\n\n<div class=\"wave-empty \"><\/div><div class=\"content-container wave-empty shape-empty \"><div class=\"container\">\n<h3 class=\"text-2xl text-left mb-4 text-center\">Valuta le tue campagne con le statistiche in tempo reale<\/h3>\n\n\n\n<figure class=\"wp-block-image mb-16\"><img src=\"https:\/\/s3.eu-central-1.amazonaws.com\/join.marketing\/uploads\/2019\/03\/statistics-1.png\" alt=\"\"\/><\/figure>\n<\/div><\/div><div class=\"wave-empty \"><\/div>\n\n\n\n<div class=\"wave-empty\"><\/div><div class=\"content-container wave-empty shape-empty \"><div class=\"container\">\n<div class=\"wp-block-cgb-block-join-slider-container swiper-container\"><div class=\"swiper-wrapper\">\n<div class=\"wp-block-cgb-block-join-slider-slide swiper-slide\"><div class=\"slide-wrapper\">\n<figure class=\"wp-block-image opacity-75\"><img src=\"https:\/\/s3.eu-central-1.amazonaws.com\/join.marketing\/uploads\/2019\/03\/takeaway.png\" alt=\"\" class=\"wp-image-2965\"\/><\/figure>\n<\/div><\/div>\n\n\n\n<div class=\"wp-block-cgb-block-join-slider-slide swiper-slide\"><div class=\"slide-wrapper\">\n<figure class=\"wp-block-image opacity-75\"><img loading=\"lazy\" width=\"484\" height=\"100\" src=\"https:\/\/s3.eu-central-1.amazonaws.com\/join.marketing\/uploads\/2019\/10\/miinto-logo.png\" alt=\"\" class=\"wp-image-15515\" srcset=\"https:\/\/s3.eu-central-1.amazonaws.com\/join.marketing\/uploads\/2019\/10\/miinto-logo.png 484w, https:\/\/s3.eu-central-1.amazonaws.com\/join.marketing\/uploads\/2019\/10\/miinto-logo-300x62.png 300w\" sizes=\"(max-width: 484px) 100vw, 484px\" \/><\/figure>\n<\/div><\/div>\n\n\n\n<div class=\"wp-block-cgb-block-join-slider-slide swiper-slide\"><div class=\"slide-wrapper\">\n<figure class=\"wp-block-image opacity-75\"><img loading=\"lazy\" width=\"484\" height=\"100\" src=\"https:\/\/s3.eu-central-1.amazonaws.com\/join.marketing\/uploads\/2019\/10\/ultimate-ears-logo-1.png\" alt=\"\" class=\"wp-image-15526\" srcset=\"https:\/\/s3.eu-central-1.amazonaws.com\/join.marketing\/uploads\/2019\/10\/ultimate-ears-logo-1.png 484w, https:\/\/s3.eu-central-1.amazonaws.com\/join.marketing\/uploads\/2019\/10\/ultimate-ears-logo-1-300x62.png 300w\" sizes=\"(max-width: 484px) 100vw, 484px\" \/><\/figure>\n<\/div><\/div>\n\n\n\n<div class=\"wp-block-cgb-block-join-slider-slide swiper-slide\"><div class=\"slide-wrapper\">\n<figure class=\"wp-block-image opacity-75\"><img loading=\"lazy\" width=\"484\" height=\"100\" src=\"https:\/\/s3.eu-central-1.amazonaws.com\/join.marketing\/uploads\/2019\/10\/silkn-logo.png\" alt=\"\" class=\"wp-image-15516\" srcset=\"https:\/\/s3.eu-central-1.amazonaws.com\/join.marketing\/uploads\/2019\/10\/silkn-logo.png 484w, https:\/\/s3.eu-central-1.amazonaws.com\/join.marketing\/uploads\/2019\/10\/silkn-logo-300x62.png 300w\" sizes=\"(max-width: 484px) 100vw, 484px\" \/><\/figure>\n<\/div><\/div>\n\n\n\n<div class=\"wp-block-cgb-block-join-slider-slide swiper-slide\"><div class=\"slide-wrapper\">\n<figure class=\"wp-block-image opacity-75\"><img src=\"https:\/\/s3.eu-central-1.amazonaws.com\/join.marketing\/uploads\/2019\/03\/national-geographic.png\" alt=\"\" class=\"wp-image-2950\"\/><\/figure>\n<\/div><\/div>\n\n\n\n<div class=\"wp-block-cgb-block-join-slider-slide swiper-slide\"><div class=\"slide-wrapper\">\n<figure class=\"wp-block-image opacity-75\"><img loading=\"lazy\" width=\"484\" height=\"100\" src=\"https:\/\/s3.eu-central-1.amazonaws.com\/join.marketing\/uploads\/2019\/10\/herbal-essences-logo.png\" alt=\"\" class=\"wp-image-15523\" srcset=\"https:\/\/s3.eu-central-1.amazonaws.com\/join.marketing\/uploads\/2019\/10\/herbal-essences-logo.png 484w, https:\/\/s3.eu-central-1.amazonaws.com\/join.marketing\/uploads\/2019\/10\/herbal-essences-logo-300x62.png 300w\" sizes=\"(max-width: 484px) 100vw, 484px\" \/><\/figure>\n<\/div><\/div>\n\n\n\n<div class=\"wp-block-cgb-block-join-slider-slide swiper-slide\"><div class=\"slide-wrapper\">\n<figure class=\"wp-block-image opacity-75\"><img src=\"https:\/\/s3.eu-central-1.amazonaws.com\/join.marketing\/uploads\/2019\/03\/decathlon.png\" alt=\"\" class=\"wp-image-2929\"\/><\/figure>\n\n\n\n<p><\/p>\n<\/div><\/div>\n\n\n\n<div class=\"wp-block-cgb-block-join-slider-slide swiper-slide\"><div class=\"slide-wrapper\">\n<figure class=\"wp-block-image opacity-75\"><img src=\"https:\/\/s3.eu-central-1.amazonaws.com\/join.marketing\/uploads\/2019\/04\/logo-on-that-ass-2.png\" alt=\"\"\/><\/figure>\n\n\n\n<p><\/p>\n<\/div><\/div>\n\n\n\n<div class=\"wp-block-cgb-block-join-slider-slide swiper-slide\"><div class=\"slide-wrapper\">\n<figure class=\"wp-block-image opacity-75\"><img loading=\"lazy\" width=\"484\" height=\"100\" src=\"https:\/\/s3.eu-central-1.amazonaws.com\/join.marketing\/uploads\/2019\/10\/xd-design-logo.png\" alt=\"\" class=\"wp-image-15525\" srcset=\"https:\/\/s3.eu-central-1.amazonaws.com\/join.marketing\/uploads\/2019\/10\/xd-design-logo.png 484w, https:\/\/s3.eu-central-1.amazonaws.com\/join.marketing\/uploads\/2019\/10\/xd-design-logo-300x62.png 300w\" sizes=\"(max-width: 484px) 100vw, 484px\" \/><\/figure>\n<\/div><\/div>\n<\/div><\/div>\n<\/div><\/div><div class=\"wave-empty\"><\/div>\n\n\n\n<section id=\"demo-form\">\n\n\n\n<\/section>\n<section id=\"advise-form\" style=\"display: none;\">\n\n\n\n\n\n<\/section>\n<section id=\"register-form\" style=\"display: none;\">\n","protected":false},"excerpt":{"rendered":"","protected":false},"author":25,"featured_media":0,"parent":0,"menu_order":0,"comment_status":"closed","ping_status":"closed","template":"views\/template-no-container.blade.php","meta":{"inline_featured_image":false},"yoast_head":"<!-- This site is optimized with the Yoast SEO plugin v19.10 - https:\/\/yoast.com\/wordpress\/plugins\/seo\/ -->\n<title>Join per le Agenzie - Join<\/title>\n<meta name=\"robots\" content=\"index, follow, max-snippet:-1, max-image-preview:large, max-video-preview:-1\" \/>\n<link rel=\"canonical\" href=\"https:\/\/join.marketing\/it\/join-per-le-agenzie\/\" \/>\n<meta property=\"og:locale\" content=\"it_IT\" \/>\n<meta property=\"og:type\" content=\"article\" \/>\n<meta property=\"og:title\" content=\"Join per le Agenzie - Join\" \/>\n<meta property=\"og:url\" content=\"https:\/\/join.marketing\/it\/join-per-le-agenzie\/\" \/>\n<meta property=\"og:site_name\" content=\"Join\" \/>\n<meta property=\"article:modified_time\" content=\"2019-10-03T08:52:02+00:00\" \/>\n<meta property=\"og:image\" content=\"https:\/\/s3.eu-central-1.amazonaws.com\/join.marketing\/uploads\/2019\/03\/filter-influencers-nl-2.png\" \/>\n<meta name=\"twitter:card\" content=\"summary_large_image\" \/>\n<meta name=\"twitter:label1\" content=\"Est. reading time\" \/>\n\t<meta name=\"twitter:data1\" content=\"1 minute\" \/>\n<script type=\"application\/ld+json\" class=\"yoast-schema-graph\">{\"@context\":\"https:\/\/schema.org\",\"@graph\":[{\"@type\":\"WebPage\",\"@id\":\"https:\/\/join.marketing\/it\/join-per-le-agenzie\/\",\"url\":\"https:\/\/join.marketing\/it\/join-per-le-agenzie\/\",\"name\":\"Join per le Agenzie - Join\",\"isPartOf\":{\"@id\":\"https:\/\/join.marketing\/#website\"},\"datePublished\":\"2019-06-26T14:59:34+00:00\",\"dateModified\":\"2019-10-03T08:52:02+00:00\",\"breadcrumb\":{\"@id\":\"https:\/\/join.marketing\/it\/join-per-le-agenzie\/#breadcrumb\"},\"inLanguage\":\"it-IT\",\"potentialAction\":[{\"@type\":\"ReadAction\",\"target\":[\"https:\/\/join.marketing\/it\/join-per-le-agenzie\/\"]}]},{\"@type\":\"BreadcrumbList\",\"@id\":\"https:\/\/join.marketing\/it\/join-per-le-agenzie\/#breadcrumb\",\"itemListElement\":[{\"@type\":\"ListItem\",\"position\":1,\"name\":\"Home\",\"item\":\"https:\/\/join.marketing\/it\/\"},{\"@type\":\"ListItem\",\"position\":2,\"name\":\"Join per le Agenzie\"}]},{\"@type\":\"WebSite\",\"@id\":\"https:\/\/join.marketing\/#website\",\"url\":\"https:\/\/join.marketing\/\",\"name\":\"Join\",\"description\":\"The marketplace for influencers and advertisers to collaborate.\",\"publisher\":{\"@id\":\"https:\/\/join.marketing\/#organization\"},\"potentialAction\":[{\"@type\":\"SearchAction\",\"target\":{\"@type\":\"EntryPoint\",\"urlTemplate\":\"https:\/\/join.marketing\/search\/{search_term_string}\"},\"query-input\":\"required name=search_term_string\"}],\"inLanguage\":\"it-IT\"},{\"@type\":\"Organization\",\"@id\":\"https:\/\/join.marketing\/#organization\",\"name\":\"Join Marketing\",\"url\":\"https:\/\/join.marketing\/\",\"logo\":{\"@type\":\"ImageObject\",\"inLanguage\":\"it-IT\",\"@id\":\"https:\/\/join.marketing\/#\/schema\/logo\/image\/\",\"url\":\"https:\/\/s3.eu-central-1.amazonaws.com\/join.marketing\/uploads\/2020\/01\/join-logo-150x150-1.png\",\"contentUrl\":\"https:\/\/s3.eu-central-1.amazonaws.com\/join.marketing\/uploads\/2020\/01\/join-logo-150x150-1.png\",\"width\":150,\"height\":150,\"caption\":\"Join Marketing\"},\"image\":{\"@id\":\"https:\/\/join.marketing\/#\/schema\/logo\/image\/\"},\"sameAs\":[\"https:\/\/www.instagram.com\/join_influencers\/\"]}]}<\/script>\n<!-- \/ Yoast SEO plugin. -->","yoast_head_json":{"title":"Join per le Agenzie - Join","robots":{"index":"index","follow":"follow","max-snippet":"max-snippet:-1","max-image-preview":"max-image-preview:large","max-video-preview":"max-video-preview:-1"},"canonical":"https:\/\/join.marketing\/it\/join-per-le-agenzie\/","og_locale":"it_IT","og_type":"article","og_title":"Join per le Agenzie - Join","og_url":"https:\/\/join.marketing\/it\/join-per-le-agenzie\/","og_site_name":"Join","article_modified_time":"2019-10-03T08:52:02+00:00","og_image":[{"url":"https:\/\/s3.eu-central-1.amazonaws.com\/join.marketing\/uploads\/2019\/03\/filter-influencers-nl-2.png"}],"twitter_card":"summary_large_image","twitter_misc":{"Est. reading time":"1 minute"},"schema":{"@context":"https:\/\/schema.org","@graph":[{"@type":"WebPage","@id":"https:\/\/join.marketing\/it\/join-per-le-agenzie\/","url":"https:\/\/join.marketing\/it\/join-per-le-agenzie\/","name":"Join per le Agenzie - Join","isPartOf":{"@id":"https:\/\/join.marketing\/#website"},"datePublished":"2019-06-26T14:59:34+00:00","dateModified":"2019-10-03T08:52:02+00:00","breadcrumb":{"@id":"https:\/\/join.marketing\/it\/join-per-le-agenzie\/#breadcrumb"},"inLanguage":"it-IT","potentialAction":[{"@type":"ReadAction","target":["https:\/\/join.marketing\/it\/join-per-le-agenzie\/"]}]},{"@type":"BreadcrumbList","@id":"https:\/\/join.marketing\/it\/join-per-le-agenzie\/#breadcrumb","itemListElement":[{"@type":"ListItem","position":1,"name":"Home","item":"https:\/\/join.marketing\/it\/"},{"@type":"ListItem","position":2,"name":"Join per le Agenzie"}]},{"@type":"WebSite","@id":"https:\/\/join.marketing\/#website","url":"https:\/\/join.marketing\/","name":"Join","description":"The marketplace for influencers and advertisers to collaborate.","publisher":{"@id":"https:\/\/join.marketing\/#organization"},"potentialAction":[{"@type":"SearchAction","target":{"@type":"EntryPoint","urlTemplate":"https:\/\/join.marketing\/search\/{search_term_string}"},"query-input":"required name=search_term_string"}],"inLanguage":"it-IT"},{"@type":"Organization","@id":"https:\/\/join.marketing\/#organization","name":"Join Marketing","url":"https:\/\/join.marketing\/","logo":{"@type":"ImageObject","inLanguage":"it-IT","@id":"https:\/\/join.marketing\/#\/schema\/logo\/image\/","url":"https:\/\/s3.eu-central-1.amazonaws.com\/join.marketing\/uploads\/2020\/01\/join-logo-150x150-1.png","contentUrl":"https:\/\/s3.eu-central-1.amazonaws.com\/join.marketing\/uploads\/2020\/01\/join-logo-150x150-1.png","width":150,"height":150,"caption":"Join Marketing"},"image":{"@id":"https:\/\/join.marketing\/#\/schema\/logo\/image\/"},"sameAs":["https:\/\/www.instagram.com\/join_influencers\/"]}]}},"_links":{"self":[{"href":"https:\/\/join.marketing\/it\/wp-json\/wp\/v2\/pages\/11980"}],"collection":[{"href":"https:\/\/join.marketing\/it\/wp-json\/wp\/v2\/pages"}],"about":[{"href":"https:\/\/join.marketing\/it\/wp-json\/wp\/v2\/types\/page"}],"author":[{"embeddable":true,"href":"https:\/\/join.marketing\/it\/wp-json\/wp\/v2\/users\/25"}],"replies":[{"embeddable":true,"href":"https:\/\/join.marketing\/it\/wp-json\/wp\/v2\/comments?post=11980"}],"version-history":[{"count":6,"href":"https:\/\/join.marketing\/it\/wp-json\/wp\/v2\/pages\/11980\/revisions"}],"predecessor-version":[{"id":15497,"href":"https:\/\/join.marketing\/it\/wp-json\/wp\/v2\/pages\/11980\/revisions\/15497"}],"wp:attachment":[{"href":"https:\/\/join.marketing\/it\/wp-json\/wp\/v2\/media?parent=11980"}],"curies":[{"name":"wp","href":"https:\/\/api.w.org\/{rel}","templated":true}]}}