{"id":11998,"date":"2019-05-16T11:15:39","date_gmt":"2019-05-16T09:15:39","guid":{"rendered":"https:\/\/join.marketing\/influencer-marketing\/"},"modified":"2019-07-01T16:30:24","modified_gmt":"2019-07-01T14:30:24","slug":"influencer-marketing","status":"publish","type":"page","link":"https:\/\/join.marketing\/it\/influencer-marketing\/","title":{"rendered":"Influencer marketing"},"content":{"rendered":"\n<div class=\"wave-empty \"><\/div><div class=\"content-container wave-empty shape-empty \"><div class=\"container\">\n<div class=\"text-center max-w-lg mx-auto mb-8\">\n    <h1 class=\"mb-4\">Che cos&#8217;\u00e8 l&#8217;influencer marketing?<\/h1>\n    <p class=\"text-xl leading-normal\"> Come brand o marketer, \u00e8 un termine che non si pu\u00f2 ignorare nel 2019: influencer marketing. I vlogger, i blogger e le altre star dei social media raggiungono insieme un pubblico sempre pi\u00f9 vasto e vengono considerati sempre di pi\u00f9 come autorit\u00e0 nelle loro rispettive nicchie. Si tratta della soluzione ideale per quelle aziende che desiderano interagire con il proprio target group. Ma cos&#8217;\u00e8 l&#8217;influencer marketing e come funziona?<\/p>\n<\/div>\n\n\n\n<p><br><\/p>\n<\/div><\/div><div class=\"wave-empty \"><\/div>\n\n\n\n<div class=\"wave-1-top \"><\/div><div class=\"content-container wave-1-body shape-empty \"><div class=\"container\">\n<div class=\"wp-block-columns has-2-columns -mt-8 -mb-12\">\n<div class=\"wp-block-column\">\n<figure class=\"wp-block-image w-full max-w-2\/3\"><img src=\"https:\/\/s3.eu-central-1.amazonaws.com\/join.marketing\/uploads\/2019\/05\/management-visual01@2x.png\" alt=\"\" class=\"wp-image-10999\"\/><\/figure>\n<\/div>\n\n\n\n<div class=\"wp-block-column\">\n<h2 class=\"text-primary leading-normal\">Influencer marketing in breve<\/h2>\n<p class=\"mb-4\">L&#8217;influencer marketing \u00e8 una forma di marketing in cui si ricorre a personalit\u00e0 influenti dei social media per raggiungere il proprio target group. Gli influencer sono un punto di riferimento sui social media e di solito sono specializzati in un particolare settore come la moda, i viaggi, il food, la cosmetica o la tecnologia, e producono contenuti affini alla propria immagine. Tali contenuti vengono distribuiti attraverso uno o pi\u00f9 canali social come Instagram, LinkedIn, Facebook o YouTube. Gli influencer attraggono spesso un vasto pubblico, ma non \u00e8 sempre cos\u00ec. Per esempio, un influencer pu\u00f2 anche essere seguito da (relativamente) pochi follower, ma per via del suo status ha una grande influenza all&#8217;interno di una certa nicchia.\n\nLe aziende investono sempre pi\u00f9 tempo e denaro per promuovere i propri prodotti tramite la figura degli influencer. Secondo le previsioni, la spesa di marketing a livello globale per gli influencer di Instagram arriver\u00e0 a toccare i 2,38 miliardi di dollari. Questo non per niente; se si seguono le regole necessarie, l&#8217;influencer marketing \u00e8 spontaneo, originale e, soprattutto, efficace.\n\n<\/p>\n<\/div>\n<\/div>\n\n\n\n<p><\/p>\n<\/div><\/div><div class=\"wave-1-bottom \"><\/div>\n\n\n\n<div class=\"wave-empty \"><\/div><div class=\"content-container wave-empty shape-empty \"><div class=\"container\">\n<div class=\"wp-block-columns has-2-columns\">\n<div class=\"wp-block-column\">\n<h2 class=\"text-2xl\">Strategie di Influencer marketing.<\/h2>\n\n\n\n<p>Ci sono diversi modi per sfruttare al meglio la figura degli influencer. La strategia pi\u00f9 appropriata dipende dallo scopo della campagna. Ad esempio, vuoi incrementare le vendite, attirare pi\u00f9 visitatori sul tuo sito web, dare notoriet\u00e0 al marchio o interagire con il tuo target group? Puoi decidere di usufruire dell&#8217;aiuto di un influencer solo una volta, oppure puoi&nbsp; avviare una collaborazione a lungo termine e fare del tuo influencer preferito il volto del tuo marchio.&nbsp;<\/p>\n\n\n\n<p>Strategie di marketing degli influencer comunemente adottate:<br><\/p>\n\n\n\n<p>Veelgebruikte influencer marketing strategie\u00ebn zijn:<\/p>\n\n\n\n<ul><li>Contenuto sponsorizzato<\/li><li>Menzione del nome<\/li><li>Codici sconto<\/li><li>Concorsi a premi e omaggi<\/li><\/ul>\n\n\n\n<ul><li><\/li><\/ul>\n\n\n\n<p><br>Menzionare un brand nei social \u00e8 il modo ideale per farsi conoscere, ma anche i blog sponsorizzati accompagnati da link, ad esempio, sono perfetti per attirare i visitatori su un sito web. Chiamando i follower a commentare o dare la propria opinione, si crea un alto livello di engagement. Tuttavia, se desideri incentivare le vendite, allora i codici sconto sono quello che fa per te. I concorsi a premi e gli omaggi sono perfetti per presentare nuovi prodotti al target group e &#8220;premiare&#8221; gli utenti per aver seguito l&#8217;influencer. Ovviamente \u00e8 anche possibile combinare diverse strategie. Hai un budget limitato? Potresti prendere in considerazione l&#8217;organic influencer marketing.<\/p>\n<\/div>\n\n\n\n<div class=\"wp-block-column\">\n<figure class=\"wp-block-image w-full max-w-2\/3\"><img src=\"https:\/\/s3.eu-central-1.amazonaws.com\/join.marketing\/uploads\/2019\/05\/management-visual02@2x.png\" alt=\"\" class=\"wp-image-11002\"\/><\/figure>\n<\/div>\n<\/div>\n<\/div><\/div><div class=\"wave-empty \"><\/div>\n\n\n\n<div class=\"wave-1-top\"><\/div><div class=\"content-container wave-1-body shape-empty \"><div class=\"container\">\n<p class=\"block text-center my-10 text-lg\">Gekozen door meer dan <strong class=\"mx-1 highlight-number\">23.000<\/strong> gebruikers wereldwijd<\/p>\n\n\n\n<div class=\"wp-block-cgb-block-join-slider-container swiper-container\"><div class=\"swiper-wrapper\">\n<div class=\"wp-block-cgb-block-join-slider-slide swiper-slide\"><div class=\"slide-wrapper\">\n<figure class=\"wp-block-image opacity-75\"><img src=\"https:\/\/s3.eu-central-1.amazonaws.com\/join.marketing\/uploads\/2019\/03\/albert-heijn.png\" alt=\"\" class=\"wp-image-2914\"\/><\/figure>\n<\/div><\/div>\n\n\n\n<div class=\"wp-block-cgb-block-join-slider-slide swiper-slide\"><div class=\"slide-wrapper\">\n<figure class=\"wp-block-image opacity-75\"><img src=\"https:\/\/s3.eu-central-1.amazonaws.com\/join.marketing\/uploads\/2019\/03\/takeaway.png\" alt=\"\" class=\"wp-image-2965\"\/><\/figure>\n<\/div><\/div>\n\n\n\n<div class=\"wp-block-cgb-block-join-slider-slide swiper-slide\"><div class=\"slide-wrapper\">\n<figure class=\"wp-block-image opacity-75\"><img src=\"https:\/\/s3.eu-central-1.amazonaws.com\/join.marketing\/uploads\/2019\/03\/national-geographic.png\" alt=\"\" class=\"wp-image-2950\"\/><\/figure>\n<\/div><\/div>\n\n\n\n<div class=\"wp-block-cgb-block-join-slider-slide swiper-slide\"><div class=\"slide-wrapper\">\n<figure class=\"wp-block-image opacity-75\"><img src=\"https:\/\/s3.eu-central-1.amazonaws.com\/join.marketing\/uploads\/2019\/03\/decathlon.png\" alt=\"\" class=\"wp-image-2929\"\/><\/figure>\n<\/div><\/div>\n<\/div><\/div>\n<\/div><\/div><div class=\"wave-1-bottom\"><\/div>\n","protected":false},"excerpt":{"rendered":"","protected":false},"author":25,"featured_media":0,"parent":0,"menu_order":0,"comment_status":"closed","ping_status":"closed","template":"views\/template-no-container.blade.php","meta":{"inline_featured_image":false},"yoast_head":"<!-- This site is optimized with the Yoast SEO plugin v19.10 - https:\/\/yoast.com\/wordpress\/plugins\/seo\/ -->\n<title>Influencer marketing | Join<\/title>\n<meta name=\"robots\" content=\"index, follow, max-snippet:-1, max-image-preview:large, max-video-preview:-1\" \/>\n<link rel=\"canonical\" href=\"https:\/\/join.marketing\/it\/influencer-marketing\/\" \/>\n<meta property=\"og:locale\" content=\"it_IT\" \/>\n<meta property=\"og:type\" content=\"article\" \/>\n<meta property=\"og:title\" content=\"Influencer marketing | Join\" \/>\n<meta property=\"og:url\" content=\"https:\/\/join.marketing\/it\/influencer-marketing\/\" \/>\n<meta property=\"og:site_name\" content=\"Join\" \/>\n<meta property=\"article:modified_time\" content=\"2019-07-01T14:30:24+00:00\" \/>\n<meta property=\"og:image\" content=\"https:\/\/s3.eu-central-1.amazonaws.com\/join.marketing\/uploads\/2019\/05\/management-visual01@2x.png\" \/>\n<meta name=\"twitter:card\" content=\"summary_large_image\" \/>\n<meta name=\"twitter:label1\" content=\"Est. reading time\" \/>\n\t<meta name=\"twitter:data1\" content=\"2 minutes\" \/>\n<script type=\"application\/ld+json\" class=\"yoast-schema-graph\">{\"@context\":\"https:\/\/schema.org\",\"@graph\":[{\"@type\":\"WebPage\",\"@id\":\"https:\/\/join.marketing\/it\/influencer-marketing\/\",\"url\":\"https:\/\/join.marketing\/it\/influencer-marketing\/\",\"name\":\"Influencer marketing | Join\",\"isPartOf\":{\"@id\":\"https:\/\/join.marketing\/#website\"},\"datePublished\":\"2019-05-16T09:15:39+00:00\",\"dateModified\":\"2019-07-01T14:30:24+00:00\",\"breadcrumb\":{\"@id\":\"https:\/\/join.marketing\/it\/influencer-marketing\/#breadcrumb\"},\"inLanguage\":\"it-IT\",\"potentialAction\":[{\"@type\":\"ReadAction\",\"target\":[\"https:\/\/join.marketing\/it\/influencer-marketing\/\"]}]},{\"@type\":\"BreadcrumbList\",\"@id\":\"https:\/\/join.marketing\/it\/influencer-marketing\/#breadcrumb\",\"itemListElement\":[{\"@type\":\"ListItem\",\"position\":1,\"name\":\"Home\",\"item\":\"https:\/\/join.marketing\/it\/\"},{\"@type\":\"ListItem\",\"position\":2,\"name\":\"Influencer marketing\"}]},{\"@type\":\"WebSite\",\"@id\":\"https:\/\/join.marketing\/#website\",\"url\":\"https:\/\/join.marketing\/\",\"name\":\"Join\",\"description\":\"The marketplace for influencers and advertisers to collaborate.\",\"publisher\":{\"@id\":\"https:\/\/join.marketing\/#organization\"},\"potentialAction\":[{\"@type\":\"SearchAction\",\"target\":{\"@type\":\"EntryPoint\",\"urlTemplate\":\"https:\/\/join.marketing\/search\/{search_term_string}\"},\"query-input\":\"required name=search_term_string\"}],\"inLanguage\":\"it-IT\"},{\"@type\":\"Organization\",\"@id\":\"https:\/\/join.marketing\/#organization\",\"name\":\"Join Marketing\",\"url\":\"https:\/\/join.marketing\/\",\"logo\":{\"@type\":\"ImageObject\",\"inLanguage\":\"it-IT\",\"@id\":\"https:\/\/join.marketing\/#\/schema\/logo\/image\/\",\"url\":\"https:\/\/s3.eu-central-1.amazonaws.com\/join.marketing\/uploads\/2020\/01\/join-logo-150x150-1.png\",\"contentUrl\":\"https:\/\/s3.eu-central-1.amazonaws.com\/join.marketing\/uploads\/2020\/01\/join-logo-150x150-1.png\",\"width\":150,\"height\":150,\"caption\":\"Join Marketing\"},\"image\":{\"@id\":\"https:\/\/join.marketing\/#\/schema\/logo\/image\/\"},\"sameAs\":[\"https:\/\/www.instagram.com\/join_influencers\/\"]}]}<\/script>\n<!-- \/ Yoast SEO plugin. -->","yoast_head_json":{"title":"Influencer marketing | Join","robots":{"index":"index","follow":"follow","max-snippet":"max-snippet:-1","max-image-preview":"max-image-preview:large","max-video-preview":"max-video-preview:-1"},"canonical":"https:\/\/join.marketing\/it\/influencer-marketing\/","og_locale":"it_IT","og_type":"article","og_title":"Influencer marketing | Join","og_url":"https:\/\/join.marketing\/it\/influencer-marketing\/","og_site_name":"Join","article_modified_time":"2019-07-01T14:30:24+00:00","og_image":[{"url":"https:\/\/s3.eu-central-1.amazonaws.com\/join.marketing\/uploads\/2019\/05\/management-visual01@2x.png"}],"twitter_card":"summary_large_image","twitter_misc":{"Est. reading time":"2 minutes"},"schema":{"@context":"https:\/\/schema.org","@graph":[{"@type":"WebPage","@id":"https:\/\/join.marketing\/it\/influencer-marketing\/","url":"https:\/\/join.marketing\/it\/influencer-marketing\/","name":"Influencer marketing | Join","isPartOf":{"@id":"https:\/\/join.marketing\/#website"},"datePublished":"2019-05-16T09:15:39+00:00","dateModified":"2019-07-01T14:30:24+00:00","breadcrumb":{"@id":"https:\/\/join.marketing\/it\/influencer-marketing\/#breadcrumb"},"inLanguage":"it-IT","potentialAction":[{"@type":"ReadAction","target":["https:\/\/join.marketing\/it\/influencer-marketing\/"]}]},{"@type":"BreadcrumbList","@id":"https:\/\/join.marketing\/it\/influencer-marketing\/#breadcrumb","itemListElement":[{"@type":"ListItem","position":1,"name":"Home","item":"https:\/\/join.marketing\/it\/"},{"@type":"ListItem","position":2,"name":"Influencer marketing"}]},{"@type":"WebSite","@id":"https:\/\/join.marketing\/#website","url":"https:\/\/join.marketing\/","name":"Join","description":"The marketplace for influencers and advertisers to collaborate.","publisher":{"@id":"https:\/\/join.marketing\/#organization"},"potentialAction":[{"@type":"SearchAction","target":{"@type":"EntryPoint","urlTemplate":"https:\/\/join.marketing\/search\/{search_term_string}"},"query-input":"required name=search_term_string"}],"inLanguage":"it-IT"},{"@type":"Organization","@id":"https:\/\/join.marketing\/#organization","name":"Join Marketing","url":"https:\/\/join.marketing\/","logo":{"@type":"ImageObject","inLanguage":"it-IT","@id":"https:\/\/join.marketing\/#\/schema\/logo\/image\/","url":"https:\/\/s3.eu-central-1.amazonaws.com\/join.marketing\/uploads\/2020\/01\/join-logo-150x150-1.png","contentUrl":"https:\/\/s3.eu-central-1.amazonaws.com\/join.marketing\/uploads\/2020\/01\/join-logo-150x150-1.png","width":150,"height":150,"caption":"Join Marketing"},"image":{"@id":"https:\/\/join.marketing\/#\/schema\/logo\/image\/"},"sameAs":["https:\/\/www.instagram.com\/join_influencers\/"]}]}},"_links":{"self":[{"href":"https:\/\/join.marketing\/it\/wp-json\/wp\/v2\/pages\/11998"}],"collection":[{"href":"https:\/\/join.marketing\/it\/wp-json\/wp\/v2\/pages"}],"about":[{"href":"https:\/\/join.marketing\/it\/wp-json\/wp\/v2\/types\/page"}],"author":[{"embeddable":true,"href":"https:\/\/join.marketing\/it\/wp-json\/wp\/v2\/users\/25"}],"replies":[{"embeddable":true,"href":"https:\/\/join.marketing\/it\/wp-json\/wp\/v2\/comments?post=11998"}],"version-history":[{"count":4,"href":"https:\/\/join.marketing\/it\/wp-json\/wp\/v2\/pages\/11998\/revisions"}],"predecessor-version":[{"id":12364,"href":"https:\/\/join.marketing\/it\/wp-json\/wp\/v2\/pages\/11998\/revisions\/12364"}],"wp:attachment":[{"href":"https:\/\/join.marketing\/it\/wp-json\/wp\/v2\/media?parent=11998"}],"curies":[{"name":"wp","href":"https:\/\/api.w.org\/{rel}","templated":true}]}}