{"id":12037,"date":"2019-07-01T16:28:00","date_gmt":"2019-07-01T14:28:00","guid":{"rendered":"https:\/\/join.marketing\/?page_id=12037"},"modified":"2019-07-01T16:28:02","modified_gmt":"2019-07-01T14:28:02","slug":"gestione-della-tua-campagna","status":"publish","type":"page","link":"https:\/\/join.marketing\/it\/gestione-della-tua-campagna\/","title":{"rendered":"Gestione della tua campagna"},"content":{"rendered":"\n<div class=\"wave-empty \"><\/div><div class=\"content-container wave-empty shape-empty \"><div class=\"container\">\n<div class=\"text-center max-w-lg mx-auto mb-8\">\n    <h1 class=\"mb-4\">Gestione della tua campagna<\/h1>\n    <p class=\"text-xl leading-normal\">L&#8217;Influencer marketing riguarda la gestione dei contatti personali &#8211; di solito un processo che richiede molto tempo. Sei interessato a una campagna senza stress? Gli strumenti di gestione di Join ti aiuteranno a guidare la tua campagna nella giusta direzione.<\/p>\n<\/div>\n\n\n\n<p><br><\/p>\n<\/div><\/div><div class=\"wave-empty \"><\/div>\n\n\n\n<div class=\"wave-1-top \"><\/div><div class=\"content-container wave-1-body shape-empty \"><div class=\"container\">\n<div class=\"wp-block-columns has-2-columns -mt-8 -mb-12\">\n<div class=\"wp-block-column\">\n<figure class=\"wp-block-image w-full max-w-2\/3\"><img src=\"https:\/\/s3.eu-central-1.amazonaws.com\/join.marketing\/uploads\/2019\/05\/management-visual01@2x.png\" alt=\"\" class=\"wp-image-10999\"\/><\/figure>\n<\/div>\n\n\n\n<div class=\"wp-block-column\">\n<h2 class=\"text-primary leading-normal\">Risparmia il tuo tempo<\/h2>\n<p class=\"mb-4\">Dimentica le lunghe conversazioni via e-mail e le negoziazioni senza fine: Join ti aiuter\u00e0 ad organizzare le tue campagne, assicurandosi che le tue collaborazioni siano sempre efficaci e produttive. Pochi minuti e raccoglierai i tuoi frutti!<\/p>\n<h2 class=\"text-primary leading-normal\">Arricchisci le tue campagne<\/h2>\n<p>Gestire le proprie collaborazioni \u00e8 un gioco da ragazzi. Collabora con decine di influencer o aggiungi nuovi influencer alle campagne gi\u00e0 in corso. Con Join, \u00e8 possibile incrementare i risultati e ridurre gli sforzi.<\/p>\n<\/div>\n<\/div>\n\n\n\n<p><\/p>\n<\/div><\/div><div class=\"wave-1-bottom \"><\/div>\n\n\n\n<div class=\"wave-empty \"><\/div><div class=\"content-container wave-empty shape-empty \"><div class=\"container\">\n<div class=\"wp-block-columns has-2-columns\">\n<div class=\"wp-block-column\">\n<h2 class=\"text-2xl\">Gestisci le tue collaborazioni<\/h2>\n\n\n\n<p>Lavora con gli ambasciatori del tuo marchio. Organizza la tua campagna con le notifiche e il planning automatici. Chatta con gli influencer e crea delle vere e proprie connessioni. Gestisci tutte le tue collaborazioni con gli influencer in un unico ambiente.<\/p>\n\n\n\n<ul class=\"check-list\">\n<li>Contatto personale con gli ambasciatori del proprio marchio.<\/li>\n<li>Strumenti dinamici di gestione e di pianificazione delle campagne<\/li>\n<\/ul>\n<\/div>\n\n\n\n<div class=\"wp-block-column\">\n<figure class=\"wp-block-image w-full max-w-2\/3\"><img src=\"https:\/\/s3.eu-central-1.amazonaws.com\/join.marketing\/uploads\/2019\/05\/management-visual02@2x.png\" alt=\"\" class=\"wp-image-11002\"\/><\/figure>\n<\/div>\n<\/div>\n<\/div><\/div><div class=\"wave-empty \"><\/div>\n\n\n\n<div class=\"wave-empty \"><\/div><div class=\"content-container wave-empty shape-empty \"><div class=\"container\">\n<h2 class=\"text-4xl text-center\">Hai tu il controllo<\/h2>\n<p class=\"text-center text-lg\">Approva il contenuto prima della sua pubblicazione. Dai un feedback e gestisci i componenti della tua campagna on-the-go. Dirigi la tua campagna nella giusta direzione e ottieni il massimo dal tuo budget!<\/p>\n\n\n\n<figure class=\"wp-block-image mx-auto max-w-2xl\"><img src=\"https:\/\/s3.eu-central-1.amazonaws.com\/join.marketing\/uploads\/2019\/05\/management-visual03@2x.png\" alt=\"\" class=\"wp-image-11011\"\/><\/figure>\n<\/div><\/div><div class=\"wave-empty \"><\/div>\n","protected":false},"excerpt":{"rendered":"","protected":false},"author":25,"featured_media":0,"parent":0,"menu_order":0,"comment_status":"closed","ping_status":"closed","template":"views\/template-no-container.blade.php","meta":{"inline_featured_image":false},"yoast_head":"<!-- This site is optimized with the Yoast SEO plugin v19.10 - https:\/\/yoast.com\/wordpress\/plugins\/seo\/ -->\n<title>Gestione della tua campagna - Join<\/title>\n<meta name=\"robots\" content=\"index, follow, max-snippet:-1, max-image-preview:large, max-video-preview:-1\" \/>\n<link rel=\"canonical\" href=\"https:\/\/join.marketing\/it\/gestione-della-tua-campagna\/\" \/>\n<meta property=\"og:locale\" content=\"it_IT\" \/>\n<meta property=\"og:type\" content=\"article\" \/>\n<meta property=\"og:title\" content=\"Gestione della tua campagna - Join\" \/>\n<meta property=\"og:url\" content=\"https:\/\/join.marketing\/it\/gestione-della-tua-campagna\/\" \/>\n<meta property=\"og:site_name\" content=\"Join\" \/>\n<meta property=\"article:modified_time\" content=\"2019-07-01T14:28:02+00:00\" \/>\n<meta property=\"og:image\" content=\"https:\/\/s3.eu-central-1.amazonaws.com\/join.marketing\/uploads\/2019\/05\/management-visual01@2x.png\" \/>\n<meta name=\"twitter:card\" content=\"summary_large_image\" \/>\n<meta name=\"twitter:label1\" content=\"Est. reading time\" \/>\n\t<meta name=\"twitter:data1\" content=\"1 minute\" \/>\n<script type=\"application\/ld+json\" class=\"yoast-schema-graph\">{\"@context\":\"https:\/\/schema.org\",\"@graph\":[{\"@type\":\"WebPage\",\"@id\":\"https:\/\/join.marketing\/it\/gestione-della-tua-campagna\/\",\"url\":\"https:\/\/join.marketing\/it\/gestione-della-tua-campagna\/\",\"name\":\"Gestione della tua campagna - Join\",\"isPartOf\":{\"@id\":\"https:\/\/join.marketing\/#website\"},\"datePublished\":\"2019-07-01T14:28:00+00:00\",\"dateModified\":\"2019-07-01T14:28:02+00:00\",\"breadcrumb\":{\"@id\":\"https:\/\/join.marketing\/it\/gestione-della-tua-campagna\/#breadcrumb\"},\"inLanguage\":\"it-IT\",\"potentialAction\":[{\"@type\":\"ReadAction\",\"target\":[\"https:\/\/join.marketing\/it\/gestione-della-tua-campagna\/\"]}]},{\"@type\":\"BreadcrumbList\",\"@id\":\"https:\/\/join.marketing\/it\/gestione-della-tua-campagna\/#breadcrumb\",\"itemListElement\":[{\"@type\":\"ListItem\",\"position\":1,\"name\":\"Home\",\"item\":\"https:\/\/join.marketing\/it\/\"},{\"@type\":\"ListItem\",\"position\":2,\"name\":\"Gestione della tua campagna\"}]},{\"@type\":\"WebSite\",\"@id\":\"https:\/\/join.marketing\/#website\",\"url\":\"https:\/\/join.marketing\/\",\"name\":\"Join\",\"description\":\"The marketplace for influencers and advertisers to collaborate.\",\"publisher\":{\"@id\":\"https:\/\/join.marketing\/#organization\"},\"potentialAction\":[{\"@type\":\"SearchAction\",\"target\":{\"@type\":\"EntryPoint\",\"urlTemplate\":\"https:\/\/join.marketing\/search\/{search_term_string}\"},\"query-input\":\"required name=search_term_string\"}],\"inLanguage\":\"it-IT\"},{\"@type\":\"Organization\",\"@id\":\"https:\/\/join.marketing\/#organization\",\"name\":\"Join Marketing\",\"url\":\"https:\/\/join.marketing\/\",\"logo\":{\"@type\":\"ImageObject\",\"inLanguage\":\"it-IT\",\"@id\":\"https:\/\/join.marketing\/#\/schema\/logo\/image\/\",\"url\":\"https:\/\/s3.eu-central-1.amazonaws.com\/join.marketing\/uploads\/2020\/01\/join-logo-150x150-1.png\",\"contentUrl\":\"https:\/\/s3.eu-central-1.amazonaws.com\/join.marketing\/uploads\/2020\/01\/join-logo-150x150-1.png\",\"width\":150,\"height\":150,\"caption\":\"Join Marketing\"},\"image\":{\"@id\":\"https:\/\/join.marketing\/#\/schema\/logo\/image\/\"},\"sameAs\":[\"https:\/\/www.instagram.com\/join_influencers\/\"]}]}<\/script>\n<!-- \/ Yoast SEO plugin. -->","yoast_head_json":{"title":"Gestione della tua campagna - Join","robots":{"index":"index","follow":"follow","max-snippet":"max-snippet:-1","max-image-preview":"max-image-preview:large","max-video-preview":"max-video-preview:-1"},"canonical":"https:\/\/join.marketing\/it\/gestione-della-tua-campagna\/","og_locale":"it_IT","og_type":"article","og_title":"Gestione della tua campagna - Join","og_url":"https:\/\/join.marketing\/it\/gestione-della-tua-campagna\/","og_site_name":"Join","article_modified_time":"2019-07-01T14:28:02+00:00","og_image":[{"url":"https:\/\/s3.eu-central-1.amazonaws.com\/join.marketing\/uploads\/2019\/05\/management-visual01@2x.png"}],"twitter_card":"summary_large_image","twitter_misc":{"Est. reading time":"1 minute"},"schema":{"@context":"https:\/\/schema.org","@graph":[{"@type":"WebPage","@id":"https:\/\/join.marketing\/it\/gestione-della-tua-campagna\/","url":"https:\/\/join.marketing\/it\/gestione-della-tua-campagna\/","name":"Gestione della tua campagna - Join","isPartOf":{"@id":"https:\/\/join.marketing\/#website"},"datePublished":"2019-07-01T14:28:00+00:00","dateModified":"2019-07-01T14:28:02+00:00","breadcrumb":{"@id":"https:\/\/join.marketing\/it\/gestione-della-tua-campagna\/#breadcrumb"},"inLanguage":"it-IT","potentialAction":[{"@type":"ReadAction","target":["https:\/\/join.marketing\/it\/gestione-della-tua-campagna\/"]}]},{"@type":"BreadcrumbList","@id":"https:\/\/join.marketing\/it\/gestione-della-tua-campagna\/#breadcrumb","itemListElement":[{"@type":"ListItem","position":1,"name":"Home","item":"https:\/\/join.marketing\/it\/"},{"@type":"ListItem","position":2,"name":"Gestione della tua campagna"}]},{"@type":"WebSite","@id":"https:\/\/join.marketing\/#website","url":"https:\/\/join.marketing\/","name":"Join","description":"The marketplace for influencers and advertisers to collaborate.","publisher":{"@id":"https:\/\/join.marketing\/#organization"},"potentialAction":[{"@type":"SearchAction","target":{"@type":"EntryPoint","urlTemplate":"https:\/\/join.marketing\/search\/{search_term_string}"},"query-input":"required name=search_term_string"}],"inLanguage":"it-IT"},{"@type":"Organization","@id":"https:\/\/join.marketing\/#organization","name":"Join Marketing","url":"https:\/\/join.marketing\/","logo":{"@type":"ImageObject","inLanguage":"it-IT","@id":"https:\/\/join.marketing\/#\/schema\/logo\/image\/","url":"https:\/\/s3.eu-central-1.amazonaws.com\/join.marketing\/uploads\/2020\/01\/join-logo-150x150-1.png","contentUrl":"https:\/\/s3.eu-central-1.amazonaws.com\/join.marketing\/uploads\/2020\/01\/join-logo-150x150-1.png","width":150,"height":150,"caption":"Join Marketing"},"image":{"@id":"https:\/\/join.marketing\/#\/schema\/logo\/image\/"},"sameAs":["https:\/\/www.instagram.com\/join_influencers\/"]}]}},"_links":{"self":[{"href":"https:\/\/join.marketing\/it\/wp-json\/wp\/v2\/pages\/12037"}],"collection":[{"href":"https:\/\/join.marketing\/it\/wp-json\/wp\/v2\/pages"}],"about":[{"href":"https:\/\/join.marketing\/it\/wp-json\/wp\/v2\/types\/page"}],"author":[{"embeddable":true,"href":"https:\/\/join.marketing\/it\/wp-json\/wp\/v2\/users\/25"}],"replies":[{"embeddable":true,"href":"https:\/\/join.marketing\/it\/wp-json\/wp\/v2\/comments?post=12037"}],"version-history":[{"count":3,"href":"https:\/\/join.marketing\/it\/wp-json\/wp\/v2\/pages\/12037\/revisions"}],"predecessor-version":[{"id":12355,"href":"https:\/\/join.marketing\/it\/wp-json\/wp\/v2\/pages\/12037\/revisions\/12355"}],"wp:attachment":[{"href":"https:\/\/join.marketing\/it\/wp-json\/wp\/v2\/media?parent=12037"}],"curies":[{"name":"wp","href":"https:\/\/api.w.org\/{rel}","templated":true}]}}