{"id":11260,"date":"2019-05-10T12:09:54","date_gmt":"2019-05-10T10:09:54","guid":{"rendered":"https:\/\/join.marketing\/campaign-management\/"},"modified":"2019-07-30T16:52:44","modified_gmt":"2019-07-30T14:52:44","slug":"campaign-management","status":"publish","type":"page","link":"https:\/\/join.marketing\/nl\/campaign-management\/","title":{"rendered":"Campagne Management"},"content":{"rendered":"\n<div class=\"wave-empty \"><\/div><div class=\"content-container wave-empty shape-empty \"><div class=\"container\">\n<div class=\"text-center max-w-lg mx-auto mb-8\">\n    <h1 class=\"mb-4\">Campagne Management<\/h1>\n    <p class=\"text-xl leading-normal\">Influencer marketing gaat om het managen van persoonlijke contacten &#8211; normaal een tijdrovend proces. Ge\u00efnteresseerd in een stressvrije campagne? De management-tools van Join helpen je om je campagne in goede banen te leiden.<\/p>\n<\/div>\n\n\n\n<p><br><\/p>\n<\/div><\/div><div class=\"wave-empty \"><\/div>\n\n\n\n<div class=\"wave-1-top \"><\/div><div class=\"content-container wave-1-body shape-empty \"><div class=\"container\">\n<div class=\"wp-block-columns has-2-columns -mt-8 -mb-12\">\n<div class=\"wp-block-column\">\n<figure class=\"wp-block-image w-full max-w-2\/3\"><img src=\"https:\/\/s3.eu-central-1.amazonaws.com\/join.marketing\/uploads\/2019\/05\/management-visual01@2x.png\" alt=\"\" class=\"wp-image-10999\"\/><\/figure>\n<\/div>\n\n\n\n<div class=\"wp-block-column\">\n<h2 class=\"text-primary leading-normal\">Bespaar tijd<\/h2>\n<p class=\"mb-4\">Vergeet lange e-mail conversaties en eindeloze onderhandelingen: Join helpt je bij het organiseren van je campagnes en zorgt dat je razendsnel samenwerkingen realiseert. De eerste reacties volgen binnen een paar minuten!<\/p>\n<h2 class=\"text-primary leading-normal\">Breid je campagnes uit<\/h2>\n<p>Meerdere samenwerkingen beheren is een makkie. Werk samen met tientallen influencers of voeg influencers toe aan actieve campagnes. Met Join laat je je resultaten stijgen &#8211; en je inzet dalen.<\/p>\n<\/div>\n<\/div>\n\n\n\n<p><\/p>\n<\/div><\/div><div class=\"wave-1-bottom \"><\/div>\n\n\n\n<div class=\"wave-empty \"><\/div><div class=\"content-container wave-empty shape-empty \"><div class=\"container\">\n<div class=\"wp-block-columns has-2-columns\">\n<div class=\"wp-block-column\">\n<h2 class=\"text-2xl\">Beheer samenwerkingen<\/h2>\n\n\n\n<p>Werk samen met de ambassadeurs van jouw merk. Organiseer je campagne met geautomatiseerde planning en notificaties. Chat 1-op-1 met influencers en leg \u00e9chte connecties. Beheer al je samenwerkingen met influencers in \u00e9\u00e9n makkelijke omgeving.<\/p>\n\n\n\n<ul class=\"check-list\">\n<li>Persoonlijk contact met de ambassadeurs van jouw merk.<\/li>\n<li>Dynamische campagne management en planning tools.<\/li>\n<\/ul>\n<\/div>\n\n\n\n<div class=\"wp-block-column\">\n<figure class=\"wp-block-image w-full max-w-2\/3\"><img src=\"https:\/\/s3.eu-central-1.amazonaws.com\/join.marketing\/uploads\/2019\/05\/management-visual02@2x.png\" alt=\"\" class=\"wp-image-11002\"\/><\/figure>\n<\/div>\n<\/div>\n<\/div><\/div><div class=\"wave-empty \"><\/div>\n\n\n\n<div class=\"wave-empty \"><\/div><div class=\"content-container wave-empty shape-empty \"><div class=\"container\">\n<h2 class=\"text-4xl text-center\">Blijf in controle<\/h2>\n<p class=\"text-center text-lg\">Keur content goed voor het gepubliceerd wordt. Geef feedback en beheer je campagne-onderdelen on-the-go. Stuur je campagne in de juiste richting en haal het maximale uit je budget!<\/p>\n\n\n\n<figure class=\"wp-block-image mx-auto max-w-2xl\"><img src=\"https:\/\/s3.eu-central-1.amazonaws.com\/join.marketing\/uploads\/2019\/05\/management-visual03@2x.png\" alt=\"\" class=\"wp-image-11011\"\/><\/figure>\n<\/div><\/div><div class=\"wave-empty \"><\/div>\n\n\n\n<p><\/p>\n","protected":false},"excerpt":{"rendered":"","protected":false},"author":1,"featured_media":0,"parent":0,"menu_order":0,"comment_status":"closed","ping_status":"closed","template":"views\/template-no-container.blade.php","meta":{"inline_featured_image":false},"yoast_head":"<!-- This site is optimized with the Yoast SEO plugin v19.10 - https:\/\/yoast.com\/wordpress\/plugins\/seo\/ -->\n<title>Influencer marketing Campagne Management | Join<\/title>\n<meta name=\"robots\" content=\"index, follow, max-snippet:-1, max-image-preview:large, max-video-preview:-1\" \/>\n<link rel=\"canonical\" href=\"https:\/\/join.marketing\/nl\/campaign-management\/\" \/>\n<meta property=\"og:locale\" content=\"nl_NL\" \/>\n<meta property=\"og:type\" content=\"article\" \/>\n<meta property=\"og:title\" content=\"Influencer marketing Campagne Management | Join\" \/>\n<meta property=\"og:url\" content=\"https:\/\/join.marketing\/nl\/campaign-management\/\" \/>\n<meta property=\"og:site_name\" content=\"Join\" \/>\n<meta property=\"article:modified_time\" content=\"2019-07-30T14:52:44+00:00\" \/>\n<meta property=\"og:image\" content=\"https:\/\/s3.eu-central-1.amazonaws.com\/join.marketing\/uploads\/2019\/05\/management-visual01@2x.png\" \/>\n<meta name=\"twitter:card\" content=\"summary_large_image\" \/>\n<meta name=\"twitter:label1\" content=\"Est. reading time\" \/>\n\t<meta name=\"twitter:data1\" content=\"1 minute\" \/>\n<script type=\"application\/ld+json\" class=\"yoast-schema-graph\">{\"@context\":\"https:\/\/schema.org\",\"@graph\":[{\"@type\":\"WebPage\",\"@id\":\"https:\/\/join.marketing\/nl\/campaign-management\/\",\"url\":\"https:\/\/join.marketing\/nl\/campaign-management\/\",\"name\":\"Influencer marketing Campagne Management | Join\",\"isPartOf\":{\"@id\":\"https:\/\/join.marketing\/#website\"},\"datePublished\":\"2019-05-10T10:09:54+00:00\",\"dateModified\":\"2019-07-30T14:52:44+00:00\",\"breadcrumb\":{\"@id\":\"https:\/\/join.marketing\/nl\/campaign-management\/#breadcrumb\"},\"inLanguage\":\"nl-NL\",\"potentialAction\":[{\"@type\":\"ReadAction\",\"target\":[\"https:\/\/join.marketing\/nl\/campaign-management\/\"]}]},{\"@type\":\"BreadcrumbList\",\"@id\":\"https:\/\/join.marketing\/nl\/campaign-management\/#breadcrumb\",\"itemListElement\":[{\"@type\":\"ListItem\",\"position\":1,\"name\":\"Home\",\"item\":\"https:\/\/join.marketing\/nl\/\"},{\"@type\":\"ListItem\",\"position\":2,\"name\":\"Campagne Management\"}]},{\"@type\":\"WebSite\",\"@id\":\"https:\/\/join.marketing\/#website\",\"url\":\"https:\/\/join.marketing\/\",\"name\":\"Join\",\"description\":\"The marketplace for influencers and advertisers to collaborate.\",\"publisher\":{\"@id\":\"https:\/\/join.marketing\/#organization\"},\"potentialAction\":[{\"@type\":\"SearchAction\",\"target\":{\"@type\":\"EntryPoint\",\"urlTemplate\":\"https:\/\/join.marketing\/search\/{search_term_string}\"},\"query-input\":\"required name=search_term_string\"}],\"inLanguage\":\"nl-NL\"},{\"@type\":\"Organization\",\"@id\":\"https:\/\/join.marketing\/#organization\",\"name\":\"Join Marketing\",\"url\":\"https:\/\/join.marketing\/\",\"logo\":{\"@type\":\"ImageObject\",\"inLanguage\":\"nl-NL\",\"@id\":\"https:\/\/join.marketing\/#\/schema\/logo\/image\/\",\"url\":\"https:\/\/s3.eu-central-1.amazonaws.com\/join.marketing\/uploads\/2020\/01\/join-logo-150x150-1.png\",\"contentUrl\":\"https:\/\/s3.eu-central-1.amazonaws.com\/join.marketing\/uploads\/2020\/01\/join-logo-150x150-1.png\",\"width\":150,\"height\":150,\"caption\":\"Join Marketing\"},\"image\":{\"@id\":\"https:\/\/join.marketing\/#\/schema\/logo\/image\/\"},\"sameAs\":[\"https:\/\/www.instagram.com\/join_influencers\/\"]}]}<\/script>\n<!-- \/ Yoast SEO plugin. -->","yoast_head_json":{"title":"Influencer marketing Campagne Management | Join","robots":{"index":"index","follow":"follow","max-snippet":"max-snippet:-1","max-image-preview":"max-image-preview:large","max-video-preview":"max-video-preview:-1"},"canonical":"https:\/\/join.marketing\/nl\/campaign-management\/","og_locale":"nl_NL","og_type":"article","og_title":"Influencer marketing Campagne Management | Join","og_url":"https:\/\/join.marketing\/nl\/campaign-management\/","og_site_name":"Join","article_modified_time":"2019-07-30T14:52:44+00:00","og_image":[{"url":"https:\/\/s3.eu-central-1.amazonaws.com\/join.marketing\/uploads\/2019\/05\/management-visual01@2x.png"}],"twitter_card":"summary_large_image","twitter_misc":{"Est. reading time":"1 minute"},"schema":{"@context":"https:\/\/schema.org","@graph":[{"@type":"WebPage","@id":"https:\/\/join.marketing\/nl\/campaign-management\/","url":"https:\/\/join.marketing\/nl\/campaign-management\/","name":"Influencer marketing Campagne Management | Join","isPartOf":{"@id":"https:\/\/join.marketing\/#website"},"datePublished":"2019-05-10T10:09:54+00:00","dateModified":"2019-07-30T14:52:44+00:00","breadcrumb":{"@id":"https:\/\/join.marketing\/nl\/campaign-management\/#breadcrumb"},"inLanguage":"nl-NL","potentialAction":[{"@type":"ReadAction","target":["https:\/\/join.marketing\/nl\/campaign-management\/"]}]},{"@type":"BreadcrumbList","@id":"https:\/\/join.marketing\/nl\/campaign-management\/#breadcrumb","itemListElement":[{"@type":"ListItem","position":1,"name":"Home","item":"https:\/\/join.marketing\/nl\/"},{"@type":"ListItem","position":2,"name":"Campagne Management"}]},{"@type":"WebSite","@id":"https:\/\/join.marketing\/#website","url":"https:\/\/join.marketing\/","name":"Join","description":"The marketplace for influencers and advertisers to collaborate.","publisher":{"@id":"https:\/\/join.marketing\/#organization"},"potentialAction":[{"@type":"SearchAction","target":{"@type":"EntryPoint","urlTemplate":"https:\/\/join.marketing\/search\/{search_term_string}"},"query-input":"required name=search_term_string"}],"inLanguage":"nl-NL"},{"@type":"Organization","@id":"https:\/\/join.marketing\/#organization","name":"Join Marketing","url":"https:\/\/join.marketing\/","logo":{"@type":"ImageObject","inLanguage":"nl-NL","@id":"https:\/\/join.marketing\/#\/schema\/logo\/image\/","url":"https:\/\/s3.eu-central-1.amazonaws.com\/join.marketing\/uploads\/2020\/01\/join-logo-150x150-1.png","contentUrl":"https:\/\/s3.eu-central-1.amazonaws.com\/join.marketing\/uploads\/2020\/01\/join-logo-150x150-1.png","width":150,"height":150,"caption":"Join Marketing"},"image":{"@id":"https:\/\/join.marketing\/#\/schema\/logo\/image\/"},"sameAs":["https:\/\/www.instagram.com\/join_influencers\/"]}]}},"_links":{"self":[{"href":"https:\/\/join.marketing\/nl\/wp-json\/wp\/v2\/pages\/11260"}],"collection":[{"href":"https:\/\/join.marketing\/nl\/wp-json\/wp\/v2\/pages"}],"about":[{"href":"https:\/\/join.marketing\/nl\/wp-json\/wp\/v2\/types\/page"}],"author":[{"embeddable":true,"href":"https:\/\/join.marketing\/nl\/wp-json\/wp\/v2\/users\/1"}],"replies":[{"embeddable":true,"href":"https:\/\/join.marketing\/nl\/wp-json\/wp\/v2\/comments?post=11260"}],"version-history":[{"count":7,"href":"https:\/\/join.marketing\/nl\/wp-json\/wp\/v2\/pages\/11260\/revisions"}],"predecessor-version":[{"id":12673,"href":"https:\/\/join.marketing\/nl\/wp-json\/wp\/v2\/pages\/11260\/revisions\/12673"}],"wp:attachment":[{"href":"https:\/\/join.marketing\/nl\/wp-json\/wp\/v2\/media?parent=11260"}],"curies":[{"name":"wp","href":"https:\/\/api.w.org\/{rel}","templated":true}]}}