{"id":16466,"date":"2020-03-27T14:47:56","date_gmt":"2020-03-27T13:47:56","guid":{"rendered":"https:\/\/join.marketing\/?page_id=16466"},"modified":"2020-04-03T14:06:46","modified_gmt":"2020-04-03T12:06:46","slug":"een-influencer-marketing-campagne-vanuit-huis","status":"publish","type":"page","link":"https:\/\/join.marketing\/nl\/een-influencer-marketing-campagne-vanuit-huis\/","title":{"rendered":"Een influencer marketing campagne in 5 stappen &#8211; vanuit huis!"},"content":{"rendered":"\n<div class=\"wave-empty\"><\/div><div class=\"content-container wave-empty shape-empty \"><div class=\"container\">\n<h1 class=\"text-center max-w-sm mx-auto mb-4\">Een influencer marketing campagne in 5 stappen &#8211; vanuit huis!<\/h1>\n\n\n\n<p class=\"text-center max-w-lg mx-auto mb-8\">Influencer marketing is niet meer weg te denken uit de marketing-mix, en is nog belangrijker geworden tijdens de huidige corona-crisis. Mensen zitten meer dan ooit op social media, en veel andere marketingkanalen verliezen aandacht of zijn lastiger in te zetten. Daarom leggen we in dit artikel uit hoe je gemakkelijk met influencers kunt samenwerken &#8211; vanuit je eigen huis! Voor we de stof induiken, zullen we eerst een paar cruciale vragen beantwoorden. <\/p>\n\n\n\n<div class=\"block mx-auto text-center my-4 \"><a class=\"bg-yellow py-2 px-6 inline-block text-white rounded-full font-bold text-xl mx-auto hover:bg-yellow-dark hover:no-underline\" href=\"#free-trial\">Probeer gratis<\/a><\/div>\n<\/div><\/div><div class=\"wave-empty\"><\/div>\n\n\n\n<div class=\"wave-2-top\"><\/div><div class=\"content-container wave-2-body shape-empty \"><div class=\"container\">\n<div class=\"wp-block-columns has-2-columns\">\n<div class=\"wp-block-column pt-2 pb-2\">\n<h3 class=\"mb-4\">Wat zijn influencers?<\/h3>\n\n\n\n<p class=\"mb-2\">Influencers zijn content-creators op social media, met een relevant bereik. Dat houdt in dat zij content maken over datgene wat zij leuk vinden, en dat ze worden gevolgd door andere gebruikers vanwege die content. Het kan een kleine groep volgers zijn die content over een heel specifiek onderwerp bekijkt, maar het kan ook een volger zijn die zijn of haar dagelijkse leven beschrijft &#8211; en miljoenen kijkers heeft!<\/p>\n\n\n\n<h3 class=\"mb-4\">Wat is een influencer marketing campagne?<\/h3>\n\n\n\n<p class=\"mb-2\">Een influencer marketing campaign is samenwerken met deze influencers ter promotie van je bedrijf. Dit kan op honderden manieren; influencers kunnen content maken over bepaalde producten of merken, USP\u2019s uitlichten, kortingscodes verspreiden en ga-zo-maar-door. De doelen waarvoor influencer marketing wordt ingezet verschillen, maar uiteindelijk gaat het altijd om het cre\u00ebren van toffe content voor een relevante doelgroep. Groot of klein!<\/p>\n<\/div>\n\n\n\n<div class=\"wp-block-column\">\n<figure class=\"wp-block-image size-large mask-img shape-1 lg:mt-0 mt-6 mx-auto  max-w-xs lg:max-w-full -mb-12 lg:mb-0\"><img loading=\"lazy\" width=\"1024\" height=\"683\" src=\"https:\/\/s3.eu-central-1.amazonaws.com\/join.marketing\/uploads\/2020\/03\/woman-in-gray-shirt-sitting-on-bed-3954635-1-1024x683.jpg\" alt=\"\" class=\"wp-image-16468\" srcset=\"https:\/\/s3.eu-central-1.amazonaws.com\/join.marketing\/uploads\/2020\/03\/woman-in-gray-shirt-sitting-on-bed-3954635-1-1024x683.jpg 1024w, https:\/\/s3.eu-central-1.amazonaws.com\/join.marketing\/uploads\/2020\/03\/woman-in-gray-shirt-sitting-on-bed-3954635-1-300x200.jpg 300w, https:\/\/s3.eu-central-1.amazonaws.com\/join.marketing\/uploads\/2020\/03\/woman-in-gray-shirt-sitting-on-bed-3954635-1-768x512.jpg 768w, https:\/\/s3.eu-central-1.amazonaws.com\/join.marketing\/uploads\/2020\/03\/woman-in-gray-shirt-sitting-on-bed-3954635-1-1536x1024.jpg 1536w, https:\/\/s3.eu-central-1.amazonaws.com\/join.marketing\/uploads\/2020\/03\/woman-in-gray-shirt-sitting-on-bed-3954635-1-2048x1365.jpg 2048w\" sizes=\"(max-width: 1024px) 100vw, 1024px\" \/><\/figure>\n<\/div>\n<\/div>\n<\/div><\/div><div class=\"wave-2-bottom\"><\/div>\n\n\n\n<div class=\"wave-empty\"><\/div><div class=\"content-container wave-empty shape-empty \"><div class=\"container\">\n<h1 class=\"has-text-align-center\">De campagne<\/h1>\n\n\n\n<div class=\"wp-block-columns has-2-columns\">\n<div class=\"wp-block-column\">\n<figure class=\"wp-block-image size-large mask-img shape-2 mb-6 mx-auto  max-w-xs lg:max-w-full\"><img loading=\"lazy\" width=\"900\" height=\"738\" src=\"https:\/\/s3.eu-central-1.amazonaws.com\/join.marketing\/uploads\/2020\/03\/Search-visual-1.001-2.jpeg\" alt=\"\" class=\"wp-image-16475\" srcset=\"https:\/\/s3.eu-central-1.amazonaws.com\/join.marketing\/uploads\/2020\/03\/Search-visual-1.001-2.jpeg 900w, https:\/\/s3.eu-central-1.amazonaws.com\/join.marketing\/uploads\/2020\/03\/Search-visual-1.001-2-300x246.jpeg 300w, https:\/\/s3.eu-central-1.amazonaws.com\/join.marketing\/uploads\/2020\/03\/Search-visual-1.001-2-768x630.jpeg 768w\" sizes=\"(max-width: 900px) 100vw, 900px\" \/><\/figure>\n<\/div>\n\n\n\n<div class=\"wp-block-column\">\n<h3 class=\"mb-4\">1. De juiste influencer vinden<\/h3>\n\n\n\n<p class=\"mb-2\">Tussen al die miljoenen social media gebruikers zitten een tien, honderd of duizendtal influencers die goed bij jouw merk passen. De zoekmachine van Join heeft daar een slimme oplossing voor gevonden. In deze \u2018Google voor influencers\u2019 vind je met een paar slimme zoektermen gemakkelijk de best passende influencers voor jouw campagne. Door met keywords te zoeken, kun je heel snel influencers vinden die content maken over een bepaald onderwerp. Naast het zoeken met de keywords kun je ook op tientallen andere manieren de juiste influencer vinden. Ge\u00efnteresseerd in influencers in een bepaalde categorie, op een bepaald kanaal, met een bepaald bereik, of publiek? Het kan allemaal.<\/p>\n\n\n\n<p>Wanneer je een aantal influencers hebt gevonden die bij jouw merk of campagne passen, kun je content selecteren in de tariefkaart. Zo weet jij van te voren wat je gaat krijgen, en wat je er voor gaat betalen. En die prijs? Die wordt berekend door de algoritmes van Join. Zo weet je zeker dat je niet te veel betaald &#8211; ook als de wereld van influencer marketing nog nieuw is voor jou!<\/p>\n<\/div>\n<\/div>\n\n\n\n<div class=\"block mx-auto text-center my-4\"><a class=\"bg-yellow py-2 px-6 inline-block text-white rounded-full font-bold text-xl mx-auto hover:bg-yellow-dark hover:no-underline \" href=\"#free-trial\">Probeer gratis<\/a><\/div>\n<\/div><\/div><div class=\"wave-empty\"><\/div>\n\n\n\n<div class=\"wave-2-top\"><\/div><div class=\"content-container wave-2-body shape-empty \"><div class=\"container\">\n<div class=\"wp-block-columns has-2-columns\">\n<div class=\"wp-block-column pt-2 pb-2\">\n<h3 class=\"mb-4\">2. De briefing schrijven<\/h3>\n\n\n\n<p class=\"mb-2\">Wanneer we een selectie hebben die ons bevalt, gaan we verder met het schrijven van de opdracht. Waarom hebben we een briefing nodig? Influencers zijn keigoed in het bedenken van creatieve concepten, maar zullen ook wat sturing nodig hebben. In de briefing kun je hen wat vertellen over jouw merk, over je campagne, de doelstellingen en de invulling. Zij kunnen er dan vervolgens mee aan de slag! Ook de Content instructies zijn niet onbelangrijk. Hier kun je aangeven welke dingen JIJ belangrijk vindt in de content. De influencer doet de rest!<\/p>\n\n\n\n<p>We starten bij het introduceren van je merk, en gaan vervolgens door met het schrijven van de opdracht en de instructies. Wanneer we vervolgens de timing en de doelstellingen aangeven, wordt dit geheel samengevoegd tot een mooie briefing. Twijfel je toch nog? Briefings die op Join worden geschreven worden altijd gecontroleerd door onze experts van Customer Success. Hebben zij nog wat feedback, dan verwerken ze die gemakkelijk in je briefing. Zo zit je altijd goed!<\/p>\n<\/div>\n\n\n\n<div class=\"wp-block-column\">\n<figure class=\"wp-block-image size-large mask-img shape-1 mx-auto max-w-xs lg:max-w-full -mb-12 lg:mb-0 hidden lg:block\"><img loading=\"lazy\" width=\"900\" height=\"738\" src=\"https:\/\/s3.eu-central-1.amazonaws.com\/join.marketing\/uploads\/2020\/03\/briefing-schrijven-visual.001-1.jpeg\" alt=\"\" class=\"wp-image-16474\" srcset=\"https:\/\/s3.eu-central-1.amazonaws.com\/join.marketing\/uploads\/2020\/03\/briefing-schrijven-visual.001-1.jpeg 900w, https:\/\/s3.eu-central-1.amazonaws.com\/join.marketing\/uploads\/2020\/03\/briefing-schrijven-visual.001-1-300x246.jpeg 300w, https:\/\/s3.eu-central-1.amazonaws.com\/join.marketing\/uploads\/2020\/03\/briefing-schrijven-visual.001-1-768x630.jpeg 768w\" sizes=\"(max-width: 900px) 100vw, 900px\" \/><\/figure>\n<\/div>\n<\/div>\n\n\n\n<p><\/p>\n<\/div><\/div><div class=\"wave-2-bottom\"><\/div>\n\n\n\n<div class=\"wave-empty\"><\/div><div class=\"content-container wave-empty shape-empty \"><div class=\"container\">\n<p><\/p>\n\n\n\n<div class=\"wp-block-columns has-2-columns\">\n<div class=\"wp-block-column\">\n<figure class=\"wp-block-image size-large mask-img shape-2 mb-6 mx-auto max-w-xs lg:max-w-full\"><img loading=\"lazy\" width=\"1024\" height=\"683\" src=\"https:\/\/s3.eu-central-1.amazonaws.com\/join.marketing\/uploads\/2019\/02\/influencer-marketing-pets-1024x683.jpg\" alt=\"\" class=\"wp-image-6715\" srcset=\"https:\/\/s3.eu-central-1.amazonaws.com\/join.marketing\/uploads\/2019\/02\/influencer-marketing-pets-1024x683.jpg 1024w, https:\/\/s3.eu-central-1.amazonaws.com\/join.marketing\/uploads\/2019\/02\/influencer-marketing-pets-300x200.jpg 300w, https:\/\/s3.eu-central-1.amazonaws.com\/join.marketing\/uploads\/2019\/02\/influencer-marketing-pets-768x512.jpg 768w, https:\/\/s3.eu-central-1.amazonaws.com\/join.marketing\/uploads\/2019\/02\/influencer-marketing-pets.jpg 1920w\" sizes=\"(max-width: 1024px) 100vw, 1024px\" \/><\/figure>\n<\/div>\n\n\n\n<div class=\"wp-block-column\">\n<h3 class=\"mb-4\">3. Chatten met influencers<\/h3>\n\n\n\n<p class=\"mb-2\">Wanneer de briefing is verstuurd naar de influencers en zij de opdracht hebben geaccepteerd, is het tijd voor \u00e9\u00e9n-op-\u00e9\u00e9n contact in de chat. Zo kun je influencers persoonlijk spreken en met iedereen in contact blijven. Ook kun je in de chat de adresgegevens van influencers in zien, en hun content alvast inplannen. <\/p>\n\n\n\n<p class=\"mb-2\">Werk je samen met je collega\u2019s aan deze campagne? Dan werk je samen in de chat, en kun je elkaar bijstaan in het contact onderhouden met de influencers.<\/p>\n<\/div>\n<\/div>\n\n\n\n<div class=\"block mx-auto text-center my-4 btn-show-on-lg\"><a class=\"bg-yellow py-2 px-6 inline-block text-white rounded-full font-bold text-xl mx-auto hover:bg-yellow-dark hover:no-underline \" href=\"#free-trial\">Probeer gratis<\/a><\/div>\n<\/div><\/div><div class=\"wave-empty\"><\/div>\n\n\n\n<div class=\"wave-2-top\"><\/div><div class=\"content-container wave-2-body shape-empty \"><div class=\"container\">\n<div class=\"wp-block-columns has-2-columns\">\n<div class=\"wp-block-column pt-2 pb-2\">\n<h3 class=\"mb-4\">4. Content goedkeuren<\/h3>\n\n\n\n<p class=\"mb-2\">De influencers gaan aan de slag en hebben al gauw mooie content gemaakt. En dan? Wij vertrouwen veel in de kunsten van influencers, maar snappen ook dat jij de content graag even wilt zien voor deze gepubliceerd wordt. Daarom uploaden de influencers \u00e9\u00e9rst alle content als concept in het platform. Zo heb jij de kans om het te bekijken, en indien nodig feedback te geven. Heb je voor er gepubliceerd kan worden nog goedkeuring nodig van een collega? Ook dit kun je gemakkelijk vanuit meerdere accounts vanaf meerdere locaties doen.<\/p>\n\n\n\n<p>Ben je akkoord? Dan kun je de content goedkeuren en kan de content gepubliceerd worden!<\/p>\n<\/div>\n\n\n\n<div class=\"wp-block-column\">\n<figure class=\"wp-block-image size-large mask-img shape-1 mx-auto max-w-xs lg:max-w-full -mb-12 lg:mb-0 hidden lg:block\"><img loading=\"lazy\" width=\"900\" height=\"738\" src=\"https:\/\/s3.eu-central-1.amazonaws.com\/join.marketing\/uploads\/2020\/03\/content-goedkeuren.001-1.jpeg\" alt=\"\" class=\"wp-image-16473\" srcset=\"https:\/\/s3.eu-central-1.amazonaws.com\/join.marketing\/uploads\/2020\/03\/content-goedkeuren.001-1.jpeg 900w, https:\/\/s3.eu-central-1.amazonaws.com\/join.marketing\/uploads\/2020\/03\/content-goedkeuren.001-1-300x246.jpeg 300w, https:\/\/s3.eu-central-1.amazonaws.com\/join.marketing\/uploads\/2020\/03\/content-goedkeuren.001-1-768x630.jpeg 768w\" sizes=\"(max-width: 900px) 100vw, 900px\" \/><\/figure>\n<\/div>\n<\/div>\n\n\n\n<p><\/p>\n<\/div><\/div><div class=\"wave-2-bottom\"><\/div>\n\n\n\n<div class=\"wave-empty\"><\/div><div class=\"content-container wave-empty shape-empty \"><div class=\"container\">\n<p><\/p>\n\n\n\n<div class=\"wp-block-columns has-2-columns\">\n<div class=\"wp-block-column\">\n<figure class=\"wp-block-image size-large mask-img shape-2 mb-6 mx-auto max-w-xs lg:max-w-full\"><img loading=\"lazy\" width=\"900\" height=\"738\" src=\"https:\/\/s3.eu-central-1.amazonaws.com\/join.marketing\/uploads\/2020\/03\/analyseer-de-resultaten.001-1.jpeg\" alt=\"\" class=\"wp-image-16472\" srcset=\"https:\/\/s3.eu-central-1.amazonaws.com\/join.marketing\/uploads\/2020\/03\/analyseer-de-resultaten.001-1.jpeg 900w, https:\/\/s3.eu-central-1.amazonaws.com\/join.marketing\/uploads\/2020\/03\/analyseer-de-resultaten.001-1-300x246.jpeg 300w, https:\/\/s3.eu-central-1.amazonaws.com\/join.marketing\/uploads\/2020\/03\/analyseer-de-resultaten.001-1-768x630.jpeg 768w\" sizes=\"(max-width: 900px) 100vw, 900px\" \/><\/figure>\n<\/div>\n\n\n\n<div class=\"wp-block-column\">\n<h3 class=\"mb-4\">5. Analyseer de resultaten<\/h3>\n\n\n\n<p class=\"mb-2\">Op de afgesproken dagen publiceren de influencers hun content en komen de likes en comments binnenstromen! Op het platform van Join zie je dit allemaal live gebeuren, en kun je de content volgen vanaf het moment van publicatie. Ook kun je slim en data-gedreven de resultaten analyseren. Welke influencer heeft relatief het meeste opgeleverd? Wie had de mooiste content? Wie had de hoogste engagement rate? Je weet het allemaal door het slimme data-overzicht van Join. Zo weet je welke influencers je nogmaals wilt inzetten, of zelfs wilt omtoveren tot brand ambassadors!<\/p>\n\n\n\n<p>Zo makkelijk is het. Afhankelijk van de grootte van je campagne kun je de eerste inzet al binnen een uur live hebben! En natuurlijk word je tijdens het hele proces bijgestaan door de specialisten van Join. Zij helpen je om het meeste uit je campagne te halen &#8211; en zetten zich in voor gezamenlijk succes. Vraag via de link hieronder snel een trial aan, en probeer het zelf!<\/p>\n<\/div>\n<\/div>\n\n\n\n<div class=\"block mx-auto text-center my-4\"><a class=\"bg-yellow py-2 px-6 inline-block text-white rounded-full font-bold text-xl mx-auto hover:bg-yellow-dark hover:no-underline \" href=\"#free-trial\">Probeer gratis<\/a><\/div>\n<\/div><\/div><div class=\"wave-empty\"><\/div>\n\n\n\n<div class=\"wave-1-top\"><\/div><div class=\"content-container wave-1-body shape-empty \"><div class=\"container\">\n<p class=\"block text-center my-10 text-lg\">Gekozen door meer dan <strong class=\"mx-1 highlight-number\">23.000<\/strong> gebruikers wereldwijd<\/p>\n\n\n\n<div class=\"wp-block-cgb-block-join-slider-container swiper-container\"><div class=\"swiper-wrapper\">\n<div class=\"wp-block-cgb-block-join-slider-slide swiper-slide\"><div class=\"slide-wrapper\">\n<figure class=\"wp-block-image opacity-75\"><img src=\"https:\/\/s3.eu-central-1.amazonaws.com\/join.marketing\/uploads\/2019\/03\/albert-heijn.png\" alt=\"\" class=\"wp-image-2914\"\/><\/figure>\n<\/div><\/div>\n\n\n\n<div class=\"wp-block-cgb-block-join-slider-slide swiper-slide\"><div class=\"slide-wrapper\">\n<figure class=\"wp-block-image opacity-75\"><img src=\"https:\/\/s3.eu-central-1.amazonaws.com\/join.marketing\/uploads\/2019\/03\/takeaway.png\" alt=\"\" class=\"wp-image-2965\"\/><\/figure>\n<\/div><\/div>\n\n\n\n<div class=\"wp-block-cgb-block-join-slider-slide swiper-slide\"><div class=\"slide-wrapper\">\n<figure class=\"wp-block-image opacity-75\"><img src=\"https:\/\/s3.eu-central-1.amazonaws.com\/join.marketing\/uploads\/2019\/03\/national-geographic.png\" alt=\"\" class=\"wp-image-2950\"\/><\/figure>\n<\/div><\/div>\n\n\n\n<div class=\"wp-block-cgb-block-join-slider-slide swiper-slide\"><div class=\"slide-wrapper\">\n<figure class=\"wp-block-image opacity-75\"><img src=\"https:\/\/s3.eu-central-1.amazonaws.com\/join.marketing\/uploads\/2019\/03\/decathlon.png\" alt=\"\" class=\"wp-image-2929\"\/><\/figure>\n<\/div><\/div>\n<\/div><\/div>\n<\/div><\/div><div class=\"wave-1-bottom\"><\/div>\n\n\n\n<p><\/p>\n","protected":false},"excerpt":{"rendered":"","protected":false},"author":4,"featured_media":16468,"parent":0,"menu_order":0,"comment_status":"closed","ping_status":"closed","template":"views\/template-no-container.blade.php","meta":{"inline_featured_image":false},"yoast_head":"<!-- This site is optimized with the Yoast SEO plugin v19.10 - https:\/\/yoast.com\/wordpress\/plugins\/seo\/ -->\n<title>Een influencer marketing campagne in 5 stappen - vanuit huis! inzetten voor social media | Join<\/title>\n<meta name=\"description\" content=\"Brand ambassadors bereiken jouw doelgroep nog effectiever. Door veel samen te werken met influencers cre\u00eber je de perfecte brand ambassadors voor je merk.\" \/>\n<meta name=\"robots\" content=\"index, follow, max-snippet:-1, max-image-preview:large, max-video-preview:-1\" \/>\n<link rel=\"canonical\" href=\"https:\/\/join.marketing\/nl\/een-influencer-marketing-campagne-vanuit-huis\/\" \/>\n<meta property=\"og:locale\" content=\"nl_NL\" \/>\n<meta property=\"og:type\" content=\"article\" \/>\n<meta property=\"og:title\" content=\"Een influencer marketing campagne in 5 stappen - vanuit huis! inzetten voor social media | Join\" \/>\n<meta property=\"og:description\" content=\"Brand ambassadors bereiken jouw doelgroep nog effectiever. Door veel samen te werken met influencers cre\u00eber je de perfecte brand ambassadors voor je merk.\" \/>\n<meta property=\"og:url\" content=\"https:\/\/join.marketing\/nl\/een-influencer-marketing-campagne-vanuit-huis\/\" \/>\n<meta property=\"og:site_name\" content=\"Join\" \/>\n<meta property=\"article:modified_time\" content=\"2020-04-03T12:06:46+00:00\" \/>\n<meta property=\"og:image\" content=\"https:\/\/s3.eu-central-1.amazonaws.com\/join.marketing\/uploads\/2020\/03\/woman-in-gray-shirt-sitting-on-bed-3954635-1-scaled.jpg\" \/>\n\t<meta property=\"og:image:width\" content=\"2560\" \/>\n\t<meta property=\"og:image:height\" content=\"1707\" \/>\n\t<meta property=\"og:image:type\" content=\"image\/jpeg\" \/>\n<meta name=\"twitter:card\" content=\"summary_large_image\" \/>\n<meta name=\"twitter:label1\" content=\"Est. reading time\" \/>\n\t<meta name=\"twitter:data1\" content=\"5 minutes\" \/>\n<script type=\"application\/ld+json\" class=\"yoast-schema-graph\">{\"@context\":\"https:\/\/schema.org\",\"@graph\":[{\"@type\":\"WebPage\",\"@id\":\"https:\/\/join.marketing\/nl\/een-influencer-marketing-campagne-vanuit-huis\/\",\"url\":\"https:\/\/join.marketing\/nl\/een-influencer-marketing-campagne-vanuit-huis\/\",\"name\":\"Een influencer marketing campagne in 5 stappen - vanuit huis! inzetten voor social media | Join\",\"isPartOf\":{\"@id\":\"https:\/\/join.marketing\/#website\"},\"datePublished\":\"2020-03-27T13:47:56+00:00\",\"dateModified\":\"2020-04-03T12:06:46+00:00\",\"description\":\"Brand ambassadors bereiken jouw doelgroep nog effectiever. Door veel samen te werken met influencers cre\u00eber je de perfecte brand ambassadors voor je merk.\",\"breadcrumb\":{\"@id\":\"https:\/\/join.marketing\/nl\/een-influencer-marketing-campagne-vanuit-huis\/#breadcrumb\"},\"inLanguage\":\"nl-NL\",\"potentialAction\":[{\"@type\":\"ReadAction\",\"target\":[\"https:\/\/join.marketing\/nl\/een-influencer-marketing-campagne-vanuit-huis\/\"]}]},{\"@type\":\"BreadcrumbList\",\"@id\":\"https:\/\/join.marketing\/nl\/een-influencer-marketing-campagne-vanuit-huis\/#breadcrumb\",\"itemListElement\":[{\"@type\":\"ListItem\",\"position\":1,\"name\":\"Home\",\"item\":\"https:\/\/join.marketing\/nl\/\"},{\"@type\":\"ListItem\",\"position\":2,\"name\":\"Een influencer marketing campagne in 5 stappen &#8211; vanuit huis!\"}]},{\"@type\":\"WebSite\",\"@id\":\"https:\/\/join.marketing\/#website\",\"url\":\"https:\/\/join.marketing\/\",\"name\":\"Join\",\"description\":\"The marketplace for influencers and advertisers to collaborate.\",\"publisher\":{\"@id\":\"https:\/\/join.marketing\/#organization\"},\"potentialAction\":[{\"@type\":\"SearchAction\",\"target\":{\"@type\":\"EntryPoint\",\"urlTemplate\":\"https:\/\/join.marketing\/search\/{search_term_string}\"},\"query-input\":\"required name=search_term_string\"}],\"inLanguage\":\"nl-NL\"},{\"@type\":\"Organization\",\"@id\":\"https:\/\/join.marketing\/#organization\",\"name\":\"Join Marketing\",\"url\":\"https:\/\/join.marketing\/\",\"logo\":{\"@type\":\"ImageObject\",\"inLanguage\":\"nl-NL\",\"@id\":\"https:\/\/join.marketing\/#\/schema\/logo\/image\/\",\"url\":\"https:\/\/s3.eu-central-1.amazonaws.com\/join.marketing\/uploads\/2020\/01\/join-logo-150x150-1.png\",\"contentUrl\":\"https:\/\/s3.eu-central-1.amazonaws.com\/join.marketing\/uploads\/2020\/01\/join-logo-150x150-1.png\",\"width\":150,\"height\":150,\"caption\":\"Join Marketing\"},\"image\":{\"@id\":\"https:\/\/join.marketing\/#\/schema\/logo\/image\/\"},\"sameAs\":[\"https:\/\/www.instagram.com\/join_influencers\/\"]}]}<\/script>\n<!-- \/ Yoast SEO plugin. -->","yoast_head_json":{"title":"Een influencer marketing campagne in 5 stappen - vanuit huis! inzetten voor social media | Join","description":"Brand ambassadors bereiken jouw doelgroep nog effectiever. Door veel samen te werken met influencers cre\u00eber je de perfecte brand ambassadors voor je merk.","robots":{"index":"index","follow":"follow","max-snippet":"max-snippet:-1","max-image-preview":"max-image-preview:large","max-video-preview":"max-video-preview:-1"},"canonical":"https:\/\/join.marketing\/nl\/een-influencer-marketing-campagne-vanuit-huis\/","og_locale":"nl_NL","og_type":"article","og_title":"Een influencer marketing campagne in 5 stappen - vanuit huis! inzetten voor social media | Join","og_description":"Brand ambassadors bereiken jouw doelgroep nog effectiever. Door veel samen te werken met influencers cre\u00eber je de perfecte brand ambassadors voor je merk.","og_url":"https:\/\/join.marketing\/nl\/een-influencer-marketing-campagne-vanuit-huis\/","og_site_name":"Join","article_modified_time":"2020-04-03T12:06:46+00:00","og_image":[{"width":2560,"height":1707,"url":"https:\/\/s3.eu-central-1.amazonaws.com\/join.marketing\/uploads\/2020\/03\/woman-in-gray-shirt-sitting-on-bed-3954635-1-scaled.jpg","type":"image\/jpeg"}],"twitter_card":"summary_large_image","twitter_misc":{"Est. reading time":"5 minutes"},"schema":{"@context":"https:\/\/schema.org","@graph":[{"@type":"WebPage","@id":"https:\/\/join.marketing\/nl\/een-influencer-marketing-campagne-vanuit-huis\/","url":"https:\/\/join.marketing\/nl\/een-influencer-marketing-campagne-vanuit-huis\/","name":"Een influencer marketing campagne in 5 stappen - vanuit huis! inzetten voor social media | Join","isPartOf":{"@id":"https:\/\/join.marketing\/#website"},"datePublished":"2020-03-27T13:47:56+00:00","dateModified":"2020-04-03T12:06:46+00:00","description":"Brand ambassadors bereiken jouw doelgroep nog effectiever. Door veel samen te werken met influencers cre\u00eber je de perfecte brand ambassadors voor je merk.","breadcrumb":{"@id":"https:\/\/join.marketing\/nl\/een-influencer-marketing-campagne-vanuit-huis\/#breadcrumb"},"inLanguage":"nl-NL","potentialAction":[{"@type":"ReadAction","target":["https:\/\/join.marketing\/nl\/een-influencer-marketing-campagne-vanuit-huis\/"]}]},{"@type":"BreadcrumbList","@id":"https:\/\/join.marketing\/nl\/een-influencer-marketing-campagne-vanuit-huis\/#breadcrumb","itemListElement":[{"@type":"ListItem","position":1,"name":"Home","item":"https:\/\/join.marketing\/nl\/"},{"@type":"ListItem","position":2,"name":"Een influencer marketing campagne in 5 stappen &#8211; vanuit huis!"}]},{"@type":"WebSite","@id":"https:\/\/join.marketing\/#website","url":"https:\/\/join.marketing\/","name":"Join","description":"The marketplace for influencers and advertisers to collaborate.","publisher":{"@id":"https:\/\/join.marketing\/#organization"},"potentialAction":[{"@type":"SearchAction","target":{"@type":"EntryPoint","urlTemplate":"https:\/\/join.marketing\/search\/{search_term_string}"},"query-input":"required name=search_term_string"}],"inLanguage":"nl-NL"},{"@type":"Organization","@id":"https:\/\/join.marketing\/#organization","name":"Join Marketing","url":"https:\/\/join.marketing\/","logo":{"@type":"ImageObject","inLanguage":"nl-NL","@id":"https:\/\/join.marketing\/#\/schema\/logo\/image\/","url":"https:\/\/s3.eu-central-1.amazonaws.com\/join.marketing\/uploads\/2020\/01\/join-logo-150x150-1.png","contentUrl":"https:\/\/s3.eu-central-1.amazonaws.com\/join.marketing\/uploads\/2020\/01\/join-logo-150x150-1.png","width":150,"height":150,"caption":"Join Marketing"},"image":{"@id":"https:\/\/join.marketing\/#\/schema\/logo\/image\/"},"sameAs":["https:\/\/www.instagram.com\/join_influencers\/"]}]}},"_links":{"self":[{"href":"https:\/\/join.marketing\/nl\/wp-json\/wp\/v2\/pages\/16466"}],"collection":[{"href":"https:\/\/join.marketing\/nl\/wp-json\/wp\/v2\/pages"}],"about":[{"href":"https:\/\/join.marketing\/nl\/wp-json\/wp\/v2\/types\/page"}],"author":[{"embeddable":true,"href":"https:\/\/join.marketing\/nl\/wp-json\/wp\/v2\/users\/4"}],"replies":[{"embeddable":true,"href":"https:\/\/join.marketing\/nl\/wp-json\/wp\/v2\/comments?post=16466"}],"version-history":[{"count":30,"href":"https:\/\/join.marketing\/nl\/wp-json\/wp\/v2\/pages\/16466\/revisions"}],"predecessor-version":[{"id":16645,"href":"https:\/\/join.marketing\/nl\/wp-json\/wp\/v2\/pages\/16466\/revisions\/16645"}],"wp:featuredmedia":[{"embeddable":true,"href":"https:\/\/join.marketing\/nl\/wp-json\/wp\/v2\/media\/16468"}],"wp:attachment":[{"href":"https:\/\/join.marketing\/nl\/wp-json\/wp\/v2\/media?parent=16466"}],"curies":[{"name":"wp","href":"https:\/\/api.w.org\/{rel}","templated":true}]}}