{"id":7797,"date":"2019-03-22T15:02:34","date_gmt":"2019-03-22T14:02:34","guid":{"rendered":"http:\/\/join.marketing\/?page_id=6871"},"modified":"2019-07-30T10:12:54","modified_gmt":"2019-07-30T08:12:54","slug":"join-voor-bedrijven","status":"publish","type":"page","link":"https:\/\/join.marketing\/nl\/join-voor-bedrijven\/","title":{"rendered":"Join voor Bedrijven"},"content":{"rendered":"\n<div class=\"wave-empty\"><\/div><div class=\"content-container wave-empty shape-empty \"><div class=\"container\">\n<h3 class=\"text-4xl mb-8 testimonial-title text-center\">Influencer marketing in een handomdraai<\/h3>\n\n\n\n<p class=\"text-center text-2xl py-2 w-3\/4 mx-auto\">Het platform van Join maakt influencer marketing toegankelijk voor iedereen. Vind gemakkelijk de juiste influencers en zet binnen een paar simpele stappen een samenwerking op. Bekijk hier hoe het werkt.<\/p>\n\n\n\n<p><\/p>\n<\/div><\/div><div class=\"wave-empty\"><\/div>\n\n\n\n<div class=\"wave-1-top \"><\/div><div class=\"content-container wave-1-body shape-empty \"><div class=\"container\">\n<div class=\"wp-block-columns has-2-columns\">\n<div class=\"wp-block-column\">\n<h3 class=\"text-2xl text-left mb-4\">Vind relevante influencers<\/h3>\n              <p class=\"text-basis mb-12\">De gebruiksvriendelijke zoekmachine van Join helpt jou de juiste influencers te vinden. Maak je zoekopdracht zo specifiek als je zelf wil. Filter op naam, onderwerp, locatie of keyword. Met onze technologie vind je gegarandeerd de juiste match!<\/p>\n              <h3 class=\"text-2xl text-left mb-4\">Kies je content<\/h3>\n              <p class=\"text-basis\">Als je jouw favoriete influencer hebt gevonden kun je gemakkelijk content selecteren. Zo kun je snel en gericht met influencers aan de slag!<\/p>\n<\/div>\n\n\n\n<div class=\"wp-block-column\">\n<figure class=\"wp-block-image\"><img src=\"https:\/\/s3.eu-central-1.amazonaws.com\/join.marketing\/uploads\/2019\/03\/filter-influencers-1.png\" alt=\"\" class=\"wp-image-2350\"\/><\/figure>\n<\/div>\n<\/div>\n<\/div><\/div><div class=\"wave-1-bottom \"><\/div>\n\n\n\n<section id=\"campaign-management\">\n\n\n\n<div class=\"wave-empty mb-32\"><\/div><div class=\"content-container wave-empty shape-empty mb-32\"><div class=\"container\">\n<div class=\"wp-block-columns has-2-columns\">\n<div class=\"wp-block-column\">\n<figure class=\"wp-block-image\"><img src=\"https:\/\/s3.eu-central-1.amazonaws.com\/join.marketing\/uploads\/2019\/03\/deliverables-check-1.png\" alt=\"\" class=\"wp-image-2356 block -ml-8\"\/><\/figure>\n<\/div>\n\n\n\n<div class=\"wp-block-column\">\n<h3 class=\"text-2xl text-left mb-4\">Nodig influencers uit <\/h3>\n              <p class=\"text-basis mb-12\">Nodig influencers uit en brief ze op je doelen. Keur content goed <i>voor<\/i> het wordt gepubliceerd. Geef je influencers relevante informatie voor de campagne en zorg dat alles soepel verloopt.<\/p>\n              <h3 class=\"text-2xl text-left mb-4\">Blijf up-to-date!<\/h3>\n              <p class=\"text-basis\">Blijf de baas over je campagne. Ontvang direct notificaties, chat \u00e9\u00e9n-op-\u00e9\u00e9n met influencers en volg content vanaf publicatie. Lekker bezig? Voeg meer influencers toe aan je campagne!<\/p>\n<\/div>\n<\/div>\n\n\n\n<p><\/p>\n<\/div><\/div><div class=\"wave-empty mb-32\"><\/div>\n\n\n\n<\/section>\n<section id=\"report\">\n\n\n\n<div class=\"wave-empty mb-16\"><\/div><div class=\"content-container wave-empty shape-empty mb-16\"><div class=\"container\">\n<p><\/p>\n\n\n\n<h3 class=\"text-2xl text-left mb-4 text-center\">Evalueer je campagne met real-time statistieken<\/h3>\n\n\n\n<figure class=\"wp-block-image\"><img src=\"https:\/\/s3.eu-central-1.amazonaws.com\/join.marketing\/uploads\/2019\/03\/statistics-1.png\" alt=\"\"\/><\/figure>\n<\/div><\/div><div class=\"wave-empty mb-16\"><\/div>\n\n\n\n<div class=\"wave-empty\"><\/div><div class=\"content-container wave-empty shape-empty \"><div class=\"container\">\n<div class=\"wp-block-cgb-block-join-slider-container swiper-container\"><div class=\"swiper-wrapper\">\n<div class=\"wp-block-cgb-block-join-slider-slide swiper-slide\"><div class=\"slide-wrapper\">\n<figure class=\"wp-block-image opacity-75\"><img src=\"https:\/\/s3.eu-central-1.amazonaws.com\/join.marketing\/uploads\/2019\/03\/takeaway.png\" alt=\"\" class=\"wp-image-2965\"\/><\/figure>\n<\/div><\/div>\n\n\n\n<div class=\"wp-block-cgb-block-join-slider-slide swiper-slide\"><div class=\"slide-wrapper\">\n<figure class=\"wp-block-image opacity-75\"><img loading=\"lazy\" width=\"484\" height=\"100\" src=\"https:\/\/s3.eu-central-1.amazonaws.com\/join.marketing\/uploads\/2019\/10\/miinto-logo.png\" alt=\"\" class=\"wp-image-15515\" srcset=\"https:\/\/s3.eu-central-1.amazonaws.com\/join.marketing\/uploads\/2019\/10\/miinto-logo.png 484w, https:\/\/s3.eu-central-1.amazonaws.com\/join.marketing\/uploads\/2019\/10\/miinto-logo-300x62.png 300w\" sizes=\"(max-width: 484px) 100vw, 484px\" \/><\/figure>\n<\/div><\/div>\n\n\n\n<div class=\"wp-block-cgb-block-join-slider-slide swiper-slide\"><div class=\"slide-wrapper\">\n<figure class=\"wp-block-image opacity-75\"><img loading=\"lazy\" width=\"484\" height=\"100\" src=\"https:\/\/s3.eu-central-1.amazonaws.com\/join.marketing\/uploads\/2019\/10\/ultimate-ears-logo-1.png\" alt=\"\" class=\"wp-image-15526\" srcset=\"https:\/\/s3.eu-central-1.amazonaws.com\/join.marketing\/uploads\/2019\/10\/ultimate-ears-logo-1.png 484w, https:\/\/s3.eu-central-1.amazonaws.com\/join.marketing\/uploads\/2019\/10\/ultimate-ears-logo-1-300x62.png 300w\" sizes=\"(max-width: 484px) 100vw, 484px\" \/><\/figure>\n<\/div><\/div>\n\n\n\n<div class=\"wp-block-cgb-block-join-slider-slide swiper-slide\"><div class=\"slide-wrapper\">\n<figure class=\"wp-block-image opacity-75\"><img loading=\"lazy\" width=\"484\" height=\"100\" src=\"https:\/\/s3.eu-central-1.amazonaws.com\/join.marketing\/uploads\/2019\/10\/silkn-logo.png\" alt=\"\" class=\"wp-image-15516\" srcset=\"https:\/\/s3.eu-central-1.amazonaws.com\/join.marketing\/uploads\/2019\/10\/silkn-logo.png 484w, https:\/\/s3.eu-central-1.amazonaws.com\/join.marketing\/uploads\/2019\/10\/silkn-logo-300x62.png 300w\" sizes=\"(max-width: 484px) 100vw, 484px\" \/><\/figure>\n<\/div><\/div>\n\n\n\n<div class=\"wp-block-cgb-block-join-slider-slide swiper-slide\"><div class=\"slide-wrapper\">\n<figure class=\"wp-block-image opacity-75\"><img src=\"https:\/\/s3.eu-central-1.amazonaws.com\/join.marketing\/uploads\/2019\/03\/national-geographic.png\" alt=\"\" class=\"wp-image-2950\"\/><\/figure>\n<\/div><\/div>\n\n\n\n<div class=\"wp-block-cgb-block-join-slider-slide swiper-slide\"><div class=\"slide-wrapper\">\n<figure class=\"wp-block-image opacity-75\"><img loading=\"lazy\" width=\"484\" height=\"100\" src=\"https:\/\/s3.eu-central-1.amazonaws.com\/join.marketing\/uploads\/2019\/10\/herbal-essences-logo.png\" alt=\"\" class=\"wp-image-15523\" srcset=\"https:\/\/s3.eu-central-1.amazonaws.com\/join.marketing\/uploads\/2019\/10\/herbal-essences-logo.png 484w, https:\/\/s3.eu-central-1.amazonaws.com\/join.marketing\/uploads\/2019\/10\/herbal-essences-logo-300x62.png 300w\" sizes=\"(max-width: 484px) 100vw, 484px\" \/><\/figure>\n<\/div><\/div>\n\n\n\n<div class=\"wp-block-cgb-block-join-slider-slide swiper-slide\"><div class=\"slide-wrapper\">\n<figure class=\"wp-block-image opacity-75\"><img src=\"https:\/\/s3.eu-central-1.amazonaws.com\/join.marketing\/uploads\/2019\/03\/decathlon.png\" alt=\"\" class=\"wp-image-2929\"\/><\/figure>\n\n\n\n<p><\/p>\n<\/div><\/div>\n\n\n\n<div class=\"wp-block-cgb-block-join-slider-slide swiper-slide\"><div class=\"slide-wrapper\">\n<figure class=\"wp-block-image opacity-75\"><img src=\"https:\/\/s3.eu-central-1.amazonaws.com\/join.marketing\/uploads\/2019\/04\/logo-on-that-ass-2.png\" alt=\"\"\/><\/figure>\n\n\n\n<p><\/p>\n<\/div><\/div>\n\n\n\n<div class=\"wp-block-cgb-block-join-slider-slide swiper-slide\"><div class=\"slide-wrapper\">\n<figure class=\"wp-block-image opacity-75\"><img loading=\"lazy\" width=\"484\" height=\"100\" src=\"https:\/\/s3.eu-central-1.amazonaws.com\/join.marketing\/uploads\/2019\/10\/xd-design-logo.png\" alt=\"\" class=\"wp-image-15525\" srcset=\"https:\/\/s3.eu-central-1.amazonaws.com\/join.marketing\/uploads\/2019\/10\/xd-design-logo.png 484w, https:\/\/s3.eu-central-1.amazonaws.com\/join.marketing\/uploads\/2019\/10\/xd-design-logo-300x62.png 300w\" sizes=\"(max-width: 484px) 100vw, 484px\" \/><\/figure>\n<\/div><\/div>\n<\/div><\/div>\n<\/div><\/div><div class=\"wave-empty\"><\/div>\n","protected":false},"excerpt":{"rendered":"","protected":false},"author":1,"featured_media":0,"parent":0,"menu_order":0,"comment_status":"closed","ping_status":"closed","template":"views\/template-no-container.blade.php","meta":{"inline_featured_image":false},"yoast_head":"<!-- This site is optimized with the Yoast SEO plugin v19.10 - https:\/\/yoast.com\/wordpress\/plugins\/seo\/ -->\n<title>Join voor Bedrijven - Join<\/title>\n<meta name=\"robots\" content=\"index, follow, max-snippet:-1, max-image-preview:large, max-video-preview:-1\" \/>\n<link rel=\"canonical\" href=\"https:\/\/join.marketing\/nl\/join-voor-bedrijven\/\" \/>\n<meta property=\"og:locale\" content=\"nl_NL\" \/>\n<meta property=\"og:type\" content=\"article\" \/>\n<meta property=\"og:title\" content=\"Join voor Bedrijven - Join\" \/>\n<meta property=\"og:url\" content=\"https:\/\/join.marketing\/nl\/join-voor-bedrijven\/\" \/>\n<meta property=\"og:site_name\" content=\"Join\" \/>\n<meta property=\"article:modified_time\" content=\"2019-07-30T08:12:54+00:00\" \/>\n<meta property=\"og:image\" content=\"https:\/\/s3.eu-central-1.amazonaws.com\/join.marketing\/uploads\/2019\/03\/filter-influencers-1.png\" \/>\n<meta name=\"twitter:card\" content=\"summary_large_image\" \/>\n<meta name=\"twitter:label1\" content=\"Est. reading time\" \/>\n\t<meta name=\"twitter:data1\" content=\"1 minute\" \/>\n<script type=\"application\/ld+json\" class=\"yoast-schema-graph\">{\"@context\":\"https:\/\/schema.org\",\"@graph\":[{\"@type\":\"WebPage\",\"@id\":\"https:\/\/join.marketing\/nl\/join-voor-bedrijven\/\",\"url\":\"https:\/\/join.marketing\/nl\/join-voor-bedrijven\/\",\"name\":\"Join voor Bedrijven - Join\",\"isPartOf\":{\"@id\":\"https:\/\/join.marketing\/#website\"},\"datePublished\":\"2019-03-22T14:02:34+00:00\",\"dateModified\":\"2019-07-30T08:12:54+00:00\",\"breadcrumb\":{\"@id\":\"https:\/\/join.marketing\/nl\/join-voor-bedrijven\/#breadcrumb\"},\"inLanguage\":\"nl-NL\",\"potentialAction\":[{\"@type\":\"ReadAction\",\"target\":[\"https:\/\/join.marketing\/nl\/join-voor-bedrijven\/\"]}]},{\"@type\":\"BreadcrumbList\",\"@id\":\"https:\/\/join.marketing\/nl\/join-voor-bedrijven\/#breadcrumb\",\"itemListElement\":[{\"@type\":\"ListItem\",\"position\":1,\"name\":\"Home\",\"item\":\"https:\/\/join.marketing\/nl\/\"},{\"@type\":\"ListItem\",\"position\":2,\"name\":\"Join voor Bedrijven\"}]},{\"@type\":\"WebSite\",\"@id\":\"https:\/\/join.marketing\/#website\",\"url\":\"https:\/\/join.marketing\/\",\"name\":\"Join\",\"description\":\"The marketplace for influencers and advertisers to collaborate.\",\"publisher\":{\"@id\":\"https:\/\/join.marketing\/#organization\"},\"potentialAction\":[{\"@type\":\"SearchAction\",\"target\":{\"@type\":\"EntryPoint\",\"urlTemplate\":\"https:\/\/join.marketing\/search\/{search_term_string}\"},\"query-input\":\"required name=search_term_string\"}],\"inLanguage\":\"nl-NL\"},{\"@type\":\"Organization\",\"@id\":\"https:\/\/join.marketing\/#organization\",\"name\":\"Join Marketing\",\"url\":\"https:\/\/join.marketing\/\",\"logo\":{\"@type\":\"ImageObject\",\"inLanguage\":\"nl-NL\",\"@id\":\"https:\/\/join.marketing\/#\/schema\/logo\/image\/\",\"url\":\"https:\/\/s3.eu-central-1.amazonaws.com\/join.marketing\/uploads\/2020\/01\/join-logo-150x150-1.png\",\"contentUrl\":\"https:\/\/s3.eu-central-1.amazonaws.com\/join.marketing\/uploads\/2020\/01\/join-logo-150x150-1.png\",\"width\":150,\"height\":150,\"caption\":\"Join Marketing\"},\"image\":{\"@id\":\"https:\/\/join.marketing\/#\/schema\/logo\/image\/\"},\"sameAs\":[\"https:\/\/www.instagram.com\/join_influencers\/\"]}]}<\/script>\n<!-- \/ Yoast SEO plugin. -->","yoast_head_json":{"title":"Join voor Bedrijven - Join","robots":{"index":"index","follow":"follow","max-snippet":"max-snippet:-1","max-image-preview":"max-image-preview:large","max-video-preview":"max-video-preview:-1"},"canonical":"https:\/\/join.marketing\/nl\/join-voor-bedrijven\/","og_locale":"nl_NL","og_type":"article","og_title":"Join voor Bedrijven - Join","og_url":"https:\/\/join.marketing\/nl\/join-voor-bedrijven\/","og_site_name":"Join","article_modified_time":"2019-07-30T08:12:54+00:00","og_image":[{"url":"https:\/\/s3.eu-central-1.amazonaws.com\/join.marketing\/uploads\/2019\/03\/filter-influencers-1.png"}],"twitter_card":"summary_large_image","twitter_misc":{"Est. reading time":"1 minute"},"schema":{"@context":"https:\/\/schema.org","@graph":[{"@type":"WebPage","@id":"https:\/\/join.marketing\/nl\/join-voor-bedrijven\/","url":"https:\/\/join.marketing\/nl\/join-voor-bedrijven\/","name":"Join voor Bedrijven - Join","isPartOf":{"@id":"https:\/\/join.marketing\/#website"},"datePublished":"2019-03-22T14:02:34+00:00","dateModified":"2019-07-30T08:12:54+00:00","breadcrumb":{"@id":"https:\/\/join.marketing\/nl\/join-voor-bedrijven\/#breadcrumb"},"inLanguage":"nl-NL","potentialAction":[{"@type":"ReadAction","target":["https:\/\/join.marketing\/nl\/join-voor-bedrijven\/"]}]},{"@type":"BreadcrumbList","@id":"https:\/\/join.marketing\/nl\/join-voor-bedrijven\/#breadcrumb","itemListElement":[{"@type":"ListItem","position":1,"name":"Home","item":"https:\/\/join.marketing\/nl\/"},{"@type":"ListItem","position":2,"name":"Join voor Bedrijven"}]},{"@type":"WebSite","@id":"https:\/\/join.marketing\/#website","url":"https:\/\/join.marketing\/","name":"Join","description":"The marketplace for influencers and advertisers to collaborate.","publisher":{"@id":"https:\/\/join.marketing\/#organization"},"potentialAction":[{"@type":"SearchAction","target":{"@type":"EntryPoint","urlTemplate":"https:\/\/join.marketing\/search\/{search_term_string}"},"query-input":"required name=search_term_string"}],"inLanguage":"nl-NL"},{"@type":"Organization","@id":"https:\/\/join.marketing\/#organization","name":"Join Marketing","url":"https:\/\/join.marketing\/","logo":{"@type":"ImageObject","inLanguage":"nl-NL","@id":"https:\/\/join.marketing\/#\/schema\/logo\/image\/","url":"https:\/\/s3.eu-central-1.amazonaws.com\/join.marketing\/uploads\/2020\/01\/join-logo-150x150-1.png","contentUrl":"https:\/\/s3.eu-central-1.amazonaws.com\/join.marketing\/uploads\/2020\/01\/join-logo-150x150-1.png","width":150,"height":150,"caption":"Join Marketing"},"image":{"@id":"https:\/\/join.marketing\/#\/schema\/logo\/image\/"},"sameAs":["https:\/\/www.instagram.com\/join_influencers\/"]}]}},"_links":{"self":[{"href":"https:\/\/join.marketing\/nl\/wp-json\/wp\/v2\/pages\/7797"}],"collection":[{"href":"https:\/\/join.marketing\/nl\/wp-json\/wp\/v2\/pages"}],"about":[{"href":"https:\/\/join.marketing\/nl\/wp-json\/wp\/v2\/types\/page"}],"author":[{"embeddable":true,"href":"https:\/\/join.marketing\/nl\/wp-json\/wp\/v2\/users\/1"}],"replies":[{"embeddable":true,"href":"https:\/\/join.marketing\/nl\/wp-json\/wp\/v2\/comments?post=7797"}],"version-history":[{"count":23,"href":"https:\/\/join.marketing\/nl\/wp-json\/wp\/v2\/pages\/7797\/revisions"}],"predecessor-version":[{"id":17958,"href":"https:\/\/join.marketing\/nl\/wp-json\/wp\/v2\/pages\/7797\/revisions\/17958"}],"wp:attachment":[{"href":"https:\/\/join.marketing\/nl\/wp-json\/wp\/v2\/media?parent=7797"}],"curies":[{"name":"wp","href":"https:\/\/api.w.org\/{rel}","templated":true}]}}